{"id":163,"date":"2017-04-03T10:23:21","date_gmt":"2017-04-03T10:23:21","guid":{"rendered":"http:\/\/cars.controllogic.es\/?page_id=163"},"modified":"2017-09-04T19:53:53","modified_gmt":"2017-09-04T19:53:53","slug":"empresa","status":"publish","type":"page","link":"https:\/\/tallersplaja.com\/ca\/empresa\/","title":{"rendered":"Empresa"},"content":{"rendered":"<p>[et_pb_section admin_label=&#8221;section&#8221;][et_pb_row admin_label=&#8221;row&#8221;][et_pb_column type=&#8221;4_4&#8243;][et_pb_text admin_label=&#8221;Texto&#8221; background_layout=&#8221;light&#8221; text_orientation=&#8221;left&#8221; use_border_color=&#8221;off&#8221; border_color=&#8221;#ffffff&#8221; border_style=&#8221;solid&#8221;]<\/p>\n<div class=\" et_pb_row_inner et_pb_row_inner_0\">\n<div class=\"et_pb_column et_pb_column_4_4 et_pb_column_inner et_pb_column_inner_0\">\n<div class=\"et_pb_text et_pb_module et_pb_bg_layout_light et_pb_text_align_left et_pb_text_2\">\n<h2>La nostra hist\u00f2ria<\/h2>\n<p>Tallers Plaja va n\u00e9ixer el 1920 a Torroella de Montgr\u00ed a mans de Narc\u00eds Plaja Vidal. Com altres carreters, constru\u00efa carros temps va comen\u00e7ar a reparar i carrossar vehicles de tracci\u00f3 animal i mec\u00e0nica. En aquells anys, les carrosseries d&#8217;autocars i les cabines i caixes dels camions eren constru\u00efdes de fusta.<\/p>\n<p>Narc\u00eds Plaja Preses va continuar amb el negoci carrosser del seu pare Narc\u00eds Plaja Vidal. Acabada la guerra civil de 1936-1939, van haver d&#8217;arrencar de nou el negoci amb la reconstrucci\u00f3 de vehicles que integraven el danyat i magre parc automobil\u00edstic que hi havia. Eren els anys dels pegats i les solucions imaginatives. L&#8217;empresa reparava, dissenyava i constru\u00efa tot tipus de carrosseries i motors de vehicles i autocars.<\/p>\n<p>Des de llavors el taller ha anat passant de generaci\u00f3 en generaci\u00f3. Salvi Plaja Font a l&#8217;any 1973, continu amb el negoci del seu pare establint definitivament a l&#8217;Escala. Actualment es troba en mans de la quarta generaci\u00f3 de la fam\u00edlia, Xavier Plaja Mir\u00f3.<\/p>\n<\/div>\n<\/div>\n<\/div>\n<p>[\/et_pb_text][et_pb_image admin_label=&#8221;Imagen&#8221; src=&#8221;https:\/\/tallersplaja.com\/wp-content\/uploads\/2017\/04\/IMG_20170626_124427170.jpg&#8221; show_in_lightbox=&#8221;off&#8221; url_new_window=&#8221;off&#8221; animation=&#8221;left&#8221; sticky=&#8221;off&#8221; align=&#8221;left&#8221; force_fullwidth=&#8221;off&#8221; always_center_on_mobile=&#8221;on&#8221; use_border_color=&#8221;off&#8221; border_color=&#8221;#ffffff&#8221; border_style=&#8221;solid&#8221;] [\/et_pb_image][\/et_pb_column][\/et_pb_row][\/et_pb_section]<\/p>","protected":false},"excerpt":{"rendered":"<p>La nostra hist\u00f2ria Tallers Plaja va n\u00e9ixer el 1920 a Torroella de Montgr\u00ed a mans de Narc\u00eds Plaja Vidal. Com altres carreters, constru\u00efa carros temps va comen\u00e7ar a reparar i carrossar vehicles de tracci\u00f3 animal i mec\u00e0nica. En aquells anys, les carrosseries d&#8217;autocars i les cabines i caixes dels camions eren constru\u00efdes de fusta. Narc\u00eds [&hellip;]<\/p>\n","protected":false},"author":5,"featured_media":0,"parent":0,"menu_order":0,"comment_status":"open","ping_status":"open","template":"","meta":{"_et_pb_use_builder":"on","_et_pb_old_content":"","_et_gb_content_width":"","footnotes":""},"class_list":["post-163","page","type-page","status-publish","hentry"],"_links":{"self":[{"href":"https:\/\/tallersplaja.com\/ca\/wp-json\/wp\/v2\/pages\/163"}],"collection":[{"href":"https:\/\/tallersplaja.com\/ca\/wp-json\/wp\/v2\/pages"}],"about":[{"href":"https:\/\/tallersplaja.com\/ca\/wp-json\/wp\/v2\/types\/page"}],"author":[{"embeddable":true,"href":"https:\/\/tallersplaja.com\/ca\/wp-json\/wp\/v2\/users\/5"}],"replies":[{"embeddable":true,"href":"https:\/\/tallersplaja.com\/ca\/wp-json\/wp\/v2\/comments?post=163"}],"version-history":[{"count":14,"href":"https:\/\/tallersplaja.com\/ca\/wp-json\/wp\/v2\/pages\/163\/revisions"}],"predecessor-version":[{"id":1070,"href":"https:\/\/tallersplaja.com\/ca\/wp-json\/wp\/v2\/pages\/163\/revisions\/1070"}],"wp:attachment":[{"href":"https:\/\/tallersplaja.com\/ca\/wp-json\/wp\/v2\/media?parent=163"}],"curies":[{"name":"wp","href":"https:\/\/api.w.org\/{rel}","templated":true}]}}