{"id":41,"date":"2017-03-21T10:37:10","date_gmt":"2017-03-21T10:37:10","guid":{"rendered":"http:\/\/cars.controllogic.es\/?page_id=41"},"modified":"2017-07-19T06:40:15","modified_gmt":"2017-07-19T06:40:15","slug":"servicios","status":"publish","type":"page","link":"https:\/\/tallersplaja.com\/ca\/servicios\/","title":{"rendered":"(Espa\u00f1ol) Servicios"},"content":{"rendered":"<p class=\"qtranxs-available-languages-message qtranxs-available-languages-message-ca\">Ho sentim, aquesta entrada es troba disponible \u00fanicament en <a href=\"https:\/\/tallersplaja.com\/es\/wp-json\/wp\/v2\/pages\/41\" class=\"qtranxs-available-language-link qtranxs-available-language-link-es\" title=\"Espa\u00f1ol\">Espa\u00f1ol<\/a> i <a href=\"https:\/\/tallersplaja.com\/fr\/wp-json\/wp\/v2\/pages\/41\" class=\"qtranxs-available-language-link qtranxs-available-language-link-fr\" title=\"Fran\u00e7ais\">Fran\u00e7ais<\/a>.<\/p>","protected":false},"excerpt":{"rendered":"<p>Ho sentim, aquesta entrada es troba disponible \u00fanicament en Espa\u00f1ol i Fran\u00e7ais.<\/p>\n","protected":false},"author":5,"featured_media":0,"parent":0,"menu_order":0,"comment_status":"open","ping_status":"open","template":"","meta":{"_et_pb_use_builder":"on","_et_pb_old_content":"","_et_gb_content_width":"","footnotes":""},"class_list":["post-41","page","type-page","status-publish","hentry"],"_links":{"self":[{"href":"https:\/\/tallersplaja.com\/ca\/wp-json\/wp\/v2\/pages\/41"}],"collection":[{"href":"https:\/\/tallersplaja.com\/ca\/wp-json\/wp\/v2\/pages"}],"about":[{"href":"https:\/\/tallersplaja.com\/ca\/wp-json\/wp\/v2\/types\/page"}],"author":[{"embeddable":true,"href":"https:\/\/tallersplaja.com\/ca\/wp-json\/wp\/v2\/users\/5"}],"replies":[{"embeddable":true,"href":"https:\/\/tallersplaja.com\/ca\/wp-json\/wp\/v2\/comments?post=41"}],"version-history":[{"count":20,"href":"https:\/\/tallersplaja.com\/ca\/wp-json\/wp\/v2\/pages\/41\/revisions"}],"predecessor-version":[{"id":881,"href":"https:\/\/tallersplaja.com\/ca\/wp-json\/wp\/v2\/pages\/41\/revisions\/881"}],"wp:attachment":[{"href":"https:\/\/tallersplaja.com\/ca\/wp-json\/wp\/v2\/media?parent=41"}],"curies":[{"name":"wp","href":"https:\/\/api.w.org\/{rel}","templated":true}]}}