{"id":564,"date":"2017-07-02T16:48:57","date_gmt":"2017-07-02T16:48:57","guid":{"rendered":"http:\/\/www.tallersplaja.com\/?page_id=564"},"modified":"2017-09-04T19:42:17","modified_gmt":"2017-09-04T19:42:17","slug":"chapa-y-pintura","status":"publish","type":"page","link":"https:\/\/tallersplaja.com\/ca\/chapa-y-pintura\/","title":{"rendered":"XAPA I PINTURA"},"content":{"rendered":"<p>[et_pb_section admin_label=&#8221;Secci\u00f3n&#8221; fullwidth=&#8221;on&#8221; specialty=&#8221;off&#8221;][et_pb_fullwidth_header admin_label=&#8221;T\u00edtulo de anchura completa&#8221; title=&#8221;XAPA I PINTURA&#8221; background_layout=&#8221;dark&#8221; text_orientation=&#8221;center&#8221; header_fullscreen=&#8221;off&#8221; header_scroll_down=&#8221;off&#8221; background_url=&#8221;https:\/\/tallersplaja.com\/wp-content\/uploads\/2017\/06\/car-498439_640.jpg&#8221; parallax=&#8221;off&#8221; parallax_method=&#8221;off&#8221; content_orientation=&#8221;center&#8221; image_orientation=&#8221;center&#8221; custom_button_one=&#8221;off&#8221; button_one_letter_spacing=&#8221;0&#8243; button_one_use_icon=&#8221;default&#8221; button_one_icon_placement=&#8221;right&#8221; button_one_on_hover=&#8221;on&#8221; button_one_letter_spacing_hover=&#8221;0&#8243; custom_button_two=&#8221;off&#8221; button_two_letter_spacing=&#8221;0&#8243; button_two_use_icon=&#8221;default&#8221; button_two_icon_placement=&#8221;right&#8221; button_two_on_hover=&#8221;on&#8221; button_two_letter_spacing_hover=&#8221;0&#8243;] [\/et_pb_fullwidth_header][\/et_pb_section][et_pb_section admin_label=&#8221;Secci\u00f3n&#8221; fullwidth=&#8221;off&#8221; specialty=&#8221;on&#8221;][et_pb_column type=&#8221;1_2&#8243;][et_pb_image admin_label=&#8221;Imagen&#8221; src=&#8221;https:\/\/tallersplaja.com\/wp-content\/uploads\/2017\/06\/pintado-de-coche.png&#8221; show_in_lightbox=&#8221;off&#8221; url_new_window=&#8221;off&#8221; animation=&#8221;off&#8221; sticky=&#8221;off&#8221; align=&#8221;left&#8221; force_fullwidth=&#8221;off&#8221; always_center_on_mobile=&#8221;on&#8221; use_border_color=&#8221;on&#8221; border_color=&#8221;#070730&#8243; border_style=&#8221;solid&#8221;] [\/et_pb_image][\/et_pb_column][et_pb_column type=&#8221;1_2&#8243; specialty_columns=&#8221;2&#8243;][et_pb_row_inner admin_label=&#8221;Fila&#8221;][et_pb_column_inner type=&#8221;4_4&#8243; saved_specialty_column_type=&#8221;1_2&#8243;][et_pb_text admin_label=&#8221;Texto&#8221; background_layout=&#8221;light&#8221; text_orientation=&#8221;center&#8221; use_border_color=&#8221;on&#8221; border_color=&#8221;#070730&#8243; border_style=&#8221;solid&#8221;]<\/p>\n<h4 style=\"text-align: center;\">XAPA I PINTURA<\/h4>\n<p>[\/et_pb_text][et_pb_text admin_label=&#8221;Texto&#8221; background_layout=&#8221;light&#8221; text_orientation=&#8221;left&#8221; use_border_color=&#8221;off&#8221; border_color=&#8221;#ffffff&#8221; border_style=&#8221;solid&#8221;]<\/p>\n<p>Diagnosticat el dany del teu vehicle i ens comprometem a devolv\u00e9rtelo reparat en el m\u00ednim temps possible.<\/p>\n<p>Posarem a la teva disposici\u00f3 un cotxe de substituci\u00f3 i recollirem el teu a domicili.<\/p>\n<p>Utilitzem pintures originals i materials \u00fanicament de primera qualitat. Independentment de la marca del vehicle, totes reparacions es realitzen amb la pintura original del fabricant. La resta de materials imprescindibles per a la resta de la reparaci\u00f3 s\u00f3n sempre i \u00fanicament d&#8217;alta gamma.<\/p>\n<p>Garantim durant 5 anys la pintura del seu cotxe.<\/p>\n<p>Excel\u00b7lent relaci\u00f3 qualitat-preu. La confian\u00e7a dels nostres clients ens avala i assegurem la m\u00e0xima professionalitat en les nostres reparacions.<\/p>\n<p>Reparaci\u00f3 realitzada nom\u00e9s per professionals especialitzats en xapa i pintura. Nom\u00e9s l&#8217;especialitzaci\u00f3 dels nostres t\u00e8cnics li garant\u00eds l&#8217;acabat perfecte.<\/p>\n<p>[\/et_pb_text][\/et_pb_column_inner][\/et_pb_row_inner][\/et_pb_column][\/et_pb_section][et_pb_section admin_label=&#8221;Secci\u00f3n&#8221; fullwidth=&#8221;off&#8221; specialty=&#8221;off&#8221;][et_pb_row admin_label=&#8221;Fila&#8221;][et_pb_column type=&#8221;4_4&#8243;][et_pb_text admin_label=&#8221;Texto&#8221; background_layout=&#8221;light&#8221; text_orientation=&#8221;left&#8221; use_border_color=&#8221;off&#8221; border_color=&#8221;#ffffff&#8221; border_style=&#8221;solid&#8221;]<\/p>\n<h6><span style=\"color: #999999;\"><strong>Tallers Plaja, taller mec\u00e1nico en Figueres (Girona, l\u2019Escala, Figueres, Riells, Sant Pere Pescador, Torroella de Montgr\u00ed Castello d\u2019Empuries, Empuriabrava, Roses, la Bisbal. Especialistas en Peugeot, Citroen, Renault, Ford, Seat, Dacia, Audi, Mercedes, y autom\u00f3viles y coches multimarca. Ofrecemos Servicios de taller mec\u00e1nico de autom\u00f3viles, taller mec\u00e1nico de coche, reparaci\u00f3n autom\u00f3vil, reparaci\u00f3n coche en l\u2019escala, mantenimiento coche en l\u2019escala, neum\u00e1ticos, pinchazos, bater\u00edas, cambio de aceite, revisi\u00f3n de autom\u00f3vil l\u2019Escala, electricidad, navegador, gps, blaupunk, tavelpilot, alarma, aire acondicionado, itv, pre-itv, buj\u00edas, inyectores, sistema de inyecci\u00f3n, limpieza de inyectores, servicios de mec\u00e1nica de autom\u00f3vil, embrague, motor, trasmisi\u00f3n, diferencial, junta de culata, substituci\u00f3n de tubos de escape, catalizadores, sistema anticontaminaci\u00f3n, sistemas de sobrealimentaci\u00f3n, servicios electricidad del autom\u00f3vil, Sistema de arranque y carga, Electricidad telem\u00e1tica del autom\u00f3vil, Electricidad multimarca autom\u00f3vil, Revisi\u00f3n y reparaci\u00f3n de los sistemas de confort, Revisi\u00f3n y reparaci\u00f3n de los sistemas motorizados , (ventanas, techos, puertas y asientos), Revisi\u00f3n de la seguridad pasiva del coche: cinturones de seguridad, sistema de retenci\u00f3n de seguridad (airbag), retrovisores, lunas, iluminaci\u00f3n, direcci\u00f3n y r\u00f3tulas, Revisi\u00f3n de la seguridad activa del coche: frenos, sistemas antibloqueo de frenos, control de tracci\u00f3n y estabilidad (ABS, ESP, ASR, DSC\u2026), amortiguadores y suspensi\u00f3n, Revisi\u00f3n de la combusti\u00f3n del coche: medici\u00f3n de emisi\u00f3n de contaminantes del veh\u00edculo, neum\u00e1ticos, El buen estado de los neum\u00e1ticos es vital para la seguridad, la selecci\u00f3n de los neum\u00e1ticos m\u00e1s adecuados a tus necesidades., Disponemos de las mejores marcas de neum\u00e1ticos y contamos con el asesoramiento t\u00e9cnico de nuestros profesionales, pastillas de freno, correo distribuci\u00f3n, filtros, Culatas, mantenimiento, GARANT\u00cdA OFICIAL GARANTIZADA Te ofrecemos un servicio de mantenimiento multimarca conservando la garant\u00eda del fabricante* del turismo a un precio mucho m\u00e1s competitivo. Adem\u00e1s, revisamos 30 puntos vitales de seguridad y rendimiento de tu veh\u00edculo a un precio cerrado, sin sorpresas, SERVICIOS DE MANTENIMIENTO DE EL AUTOM\u00d3VIL Sustituci\u00f3n de aceite y filtros, Revisi\u00f3n oficial del coche seg\u00fan par\u00e1metros del fabricante, Reset testigo inspecci\u00f3n t\u00e9cnica, Regulaci\u00f3n y ajuste del alumbrado del autom\u00f3vil, Sustituci\u00f3n de bater\u00edas, buj\u00edas y calentadores del autom\u00f3vil, Sustituci\u00f3n de la correa de distribuci\u00f3n del autom\u00f3vil, Amortiguadores y suspensi\u00f3n del autom\u00f3vil, Sistemas anticontaminaci\u00f3n: FAP, DPF, Correa de accesorios o servicio, servicios t\u00e9cnicos oficial Bosch Car Service figueres. Alt Emporda, Gerona. Tallers Plaja, taller mec\u00e1nico en Figueres (Girona, Alt Empord\u00e0) que ofrece los servicios de: Bosch car service, electricidad del autom\u00f3vil, electr\u00f3nica, navegaci\u00f3n sat\u00e9lite y GPS, telefon\u00eda m\u00f3vil, alarmas, bater\u00edas, aire acondicionado, calefacci\u00f3n y climatizaci\u00f3n, revisiones y mantenimientos, sistema de frenos, neum\u00e1ticos, radios CD y DVD, buj\u00edas, escobillas, revisiones para la ITV, revisi\u00f3n pre-ITV de tu coche, etc.<\/strong><\/span><\/h6>\n<p>[\/et_pb_text][\/et_pb_column][\/et_pb_row][\/et_pb_section]<\/p>","protected":false},"excerpt":{"rendered":"<p>XAPA I PINTURA Diagnosticat el dany del teu vehicle i ens comprometem a devolv\u00e9rtelo reparat en el m\u00ednim temps possible. Posarem a la teva disposici\u00f3 un cotxe de substituci\u00f3 i recollirem el teu a domicili. Utilitzem pintures originals i materials \u00fanicament de primera qualitat. Independentment de la marca del vehicle, totes reparacions es realitzen amb [&hellip;]<\/p>\n","protected":false},"author":5,"featured_media":0,"parent":0,"menu_order":0,"comment_status":"closed","ping_status":"closed","template":"","meta":{"_et_pb_use_builder":"on","_et_pb_old_content":"","_et_gb_content_width":"","footnotes":""},"class_list":["post-564","page","type-page","status-publish","hentry"],"_links":{"self":[{"href":"https:\/\/tallersplaja.com\/ca\/wp-json\/wp\/v2\/pages\/564"}],"collection":[{"href":"https:\/\/tallersplaja.com\/ca\/wp-json\/wp\/v2\/pages"}],"about":[{"href":"https:\/\/tallersplaja.com\/ca\/wp-json\/wp\/v2\/types\/page"}],"author":[{"embeddable":true,"href":"https:\/\/tallersplaja.com\/ca\/wp-json\/wp\/v2\/users\/5"}],"replies":[{"embeddable":true,"href":"https:\/\/tallersplaja.com\/ca\/wp-json\/wp\/v2\/comments?post=564"}],"version-history":[{"count":13,"href":"https:\/\/tallersplaja.com\/ca\/wp-json\/wp\/v2\/pages\/564\/revisions"}],"predecessor-version":[{"id":1061,"href":"https:\/\/tallersplaja.com\/ca\/wp-json\/wp\/v2\/pages\/564\/revisions\/1061"}],"wp:attachment":[{"href":"https:\/\/tallersplaja.com\/ca\/wp-json\/wp\/v2\/media?parent=564"}],"curies":[{"name":"wp","href":"https:\/\/api.w.org\/{rel}","templated":true}]}}