{"id":569,"date":"2017-07-02T17:29:01","date_gmt":"2017-07-02T17:29:01","guid":{"rendered":"http:\/\/www.tallersplaja.com\/?page_id=569"},"modified":"2017-09-04T20:03:31","modified_gmt":"2017-09-04T20:03:31","slug":"mantenimiento-y-revisiones","status":"publish","type":"page","link":"https:\/\/tallersplaja.com\/ca\/mantenimiento-y-revisiones\/","title":{"rendered":"MANTENIMENT I REVISIONS"},"content":{"rendered":"<p>[et_pb_section admin_label=&#8221;Secci\u00f3n&#8221; fullwidth=&#8221;on&#8221; specialty=&#8221;off&#8221;][et_pb_fullwidth_header admin_label=&#8221;T\u00edtulo de anchura completa&#8221; title=&#8221;MANTENIMENT I REVISIONS&#8221; background_layout=&#8221;dark&#8221; text_orientation=&#8221;center&#8221; header_fullscreen=&#8221;off&#8221; header_scroll_down=&#8221;off&#8221; background_url=&#8221;https:\/\/tallersplaja.com\/wp-content\/uploads\/2017\/07\/engine-1100588_640.jpg&#8221; parallax=&#8221;off&#8221; parallax_method=&#8221;off&#8221; content_orientation=&#8221;center&#8221; image_orientation=&#8221;center&#8221; custom_button_one=&#8221;off&#8221; button_one_letter_spacing=&#8221;0&#8243; button_one_use_icon=&#8221;default&#8221; button_one_icon_placement=&#8221;right&#8221; button_one_on_hover=&#8221;on&#8221; button_one_letter_spacing_hover=&#8221;0&#8243; custom_button_two=&#8221;off&#8221; button_two_letter_spacing=&#8221;0&#8243; button_two_use_icon=&#8221;default&#8221; button_two_icon_placement=&#8221;right&#8221; button_two_on_hover=&#8221;on&#8221; button_two_letter_spacing_hover=&#8221;0&#8243;] [\/et_pb_fullwidth_header][\/et_pb_section][et_pb_section admin_label=&#8221;Secci\u00f3n&#8221; fullwidth=&#8221;off&#8221; specialty=&#8221;on&#8221;][et_pb_column type=&#8221;1_2&#8243;][et_pb_image admin_label=&#8221;Imagen&#8221; src=&#8221;https:\/\/tallersplaja.com\/wp-content\/uploads\/2017\/07\/car-mechanic-2267350_640.jpg&#8221; show_in_lightbox=&#8221;off&#8221; url_new_window=&#8221;off&#8221; animation=&#8221;off&#8221; sticky=&#8221;off&#8221; align=&#8221;left&#8221; force_fullwidth=&#8221;off&#8221; always_center_on_mobile=&#8221;on&#8221; use_border_color=&#8221;on&#8221; border_color=&#8221;#070730&#8243; border_style=&#8221;solid&#8221;] [\/et_pb_image][\/et_pb_column][et_pb_column type=&#8221;1_2&#8243; specialty_columns=&#8221;2&#8243;][et_pb_row_inner admin_label=&#8221;Fila&#8221;][et_pb_column_inner type=&#8221;4_4&#8243; saved_specialty_column_type=&#8221;1_2&#8243;][et_pb_text admin_label=&#8221;Texto&#8221; background_layout=&#8221;light&#8221; text_orientation=&#8221;center&#8221; use_border_color=&#8221;on&#8221; border_color=&#8221;#070730&#8243; border_style=&#8221;solid&#8221;]<\/p>\n<h4 style=\"text-align: center;\">MANTENIMENT I REVISIONS<\/h4>\n<p>[\/et_pb_text][et_pb_text admin_label=&#8221;Texto&#8221; background_layout=&#8221;light&#8221; text_orientation=&#8221;left&#8221; use_border_color=&#8221;off&#8221; border_color=&#8221;#ffffff&#8221; border_style=&#8221;solid&#8221;]<\/p>\n<p>Revisi\u00f3 amb les mateixes garanties que la Concessionari Oficial. Tal com estableix el Reglament CE 1400\/2002, conservem la garantia original de la marca.<\/p>\n<p>Servei personalitzat per a cada model, amb una revisi\u00f3 de 120 punts i diagnosi electr\u00f2nica. Instal\u00b7lem peces i productes de primera qualitat. Peces originals.<\/p>\n<p>Revisi\u00f3 realitzada per professionals altament qualificats.<\/p>\n<p>Realitzem el manteniment del seu vehicle, sempre d&#8217;acord amb les especificacions marcades pel fabricant del mateix. Comptem amb una llarga experi\u00e8ncia en manteniment multimarca. La Revisi\u00f3 Oficial \u00e9s equivalent a la que realitzaria en el concessionari oficial de la marca del seu cotxe.<\/p>\n<p>La revisi\u00f3 en funci\u00f3 del quilometratge o l&#8217;edat del vehicle; i es realitzar\u00e0 segons el que indica el fabricant del seu vehicle<\/p>\n<p>Segellat del llibre de manteniment, conservant la garantia del fabricant. La nostra revisi\u00f3 t\u00e9 el mateix valor oficial que la revisi\u00f3 del concessionari oficial de la seva marca.<br \/>\nFins a un 50% d&#8217;estalvi que en taller de la marca.<br \/>\nRecanvis originals o de qualitat equivalent.<br \/>\nProfessionals altament qualificats.<br \/>\nAmb o sense cita pr\u00e8via i horaris de dilluns a dissabte.<\/p>\n<p>&nbsp;<\/p>\n<p>&nbsp;<\/p>\n<p>[\/et_pb_text][\/et_pb_column_inner][\/et_pb_row_inner][\/et_pb_column][\/et_pb_section]<\/p>","protected":false},"excerpt":{"rendered":"<p>MANTENIMENT I REVISIONS Revisi\u00f3 amb les mateixes garanties que la Concessionari Oficial. Tal com estableix el Reglament CE 1400\/2002, conservem la garantia original de la marca. Servei personalitzat per a cada model, amb una revisi\u00f3 de 120 punts i diagnosi electr\u00f2nica. Instal\u00b7lem peces i productes de primera qualitat. Peces originals. Revisi\u00f3 realitzada per professionals altament [&hellip;]<\/p>\n","protected":false},"author":5,"featured_media":0,"parent":0,"menu_order":0,"comment_status":"closed","ping_status":"closed","template":"","meta":{"_et_pb_use_builder":"on","_et_pb_old_content":"","_et_gb_content_width":"","footnotes":""},"class_list":["post-569","page","type-page","status-publish","hentry"],"_links":{"self":[{"href":"https:\/\/tallersplaja.com\/ca\/wp-json\/wp\/v2\/pages\/569"}],"collection":[{"href":"https:\/\/tallersplaja.com\/ca\/wp-json\/wp\/v2\/pages"}],"about":[{"href":"https:\/\/tallersplaja.com\/ca\/wp-json\/wp\/v2\/types\/page"}],"author":[{"embeddable":true,"href":"https:\/\/tallersplaja.com\/ca\/wp-json\/wp\/v2\/users\/5"}],"replies":[{"embeddable":true,"href":"https:\/\/tallersplaja.com\/ca\/wp-json\/wp\/v2\/comments?post=569"}],"version-history":[{"count":10,"href":"https:\/\/tallersplaja.com\/ca\/wp-json\/wp\/v2\/pages\/569\/revisions"}],"predecessor-version":[{"id":1078,"href":"https:\/\/tallersplaja.com\/ca\/wp-json\/wp\/v2\/pages\/569\/revisions\/1078"}],"wp:attachment":[{"href":"https:\/\/tallersplaja.com\/ca\/wp-json\/wp\/v2\/media?parent=569"}],"curies":[{"name":"wp","href":"https:\/\/api.w.org\/{rel}","templated":true}]}}