{"id":573,"date":"2017-07-02T17:38:32","date_gmt":"2017-07-02T17:38:32","guid":{"rendered":"http:\/\/www.tallersplaja.com\/?page_id=573"},"modified":"2017-12-22T14:27:07","modified_gmt":"2017-12-22T14:27:07","slug":"vehiculo-de-substitucion","status":"publish","type":"page","link":"https:\/\/tallersplaja.com\/ca\/vehiculo-de-substitucion\/","title":{"rendered":"VEHICLE DE SUBSTITUCI\u00d3"},"content":{"rendered":"<p>[et_pb_section admin_label=&#8221;Secci\u00f3n&#8221; fullwidth=&#8221;on&#8221; specialty=&#8221;off&#8221;][et_pb_fullwidth_header admin_label=&#8221;T\u00edtulo de anchura completa&#8221; title=&#8221;VEHICLE DE SUBSTITUCI\u00d3&#8221; background_layout=&#8221;dark&#8221; text_orientation=&#8221;center&#8221; header_fullscreen=&#8221;off&#8221; header_scroll_down=&#8221;off&#8221; background_url=&#8221;https:\/\/tallersplaja.com\/wp-content\/uploads\/2017\/06\/key-949094_640.jpg&#8221; parallax=&#8221;off&#8221; parallax_method=&#8221;off&#8221; content_orientation=&#8221;center&#8221; image_orientation=&#8221;center&#8221; custom_button_one=&#8221;off&#8221; button_one_letter_spacing=&#8221;0&#8243; button_one_use_icon=&#8221;default&#8221; button_one_icon_placement=&#8221;right&#8221; button_one_on_hover=&#8221;on&#8221; button_one_letter_spacing_hover=&#8221;0&#8243; custom_button_two=&#8221;off&#8221; button_two_letter_spacing=&#8221;0&#8243; button_two_use_icon=&#8221;default&#8221; button_two_icon_placement=&#8221;right&#8221; button_two_on_hover=&#8221;on&#8221; button_two_letter_spacing_hover=&#8221;0&#8243;] [\/et_pb_fullwidth_header][\/et_pb_section][et_pb_section admin_label=&#8221;Secci\u00f3n&#8221; fullwidth=&#8221;off&#8221; specialty=&#8221;on&#8221;][et_pb_column type=&#8221;1_2&#8243;][et_pb_image admin_label=&#8221;Imagen&#8221; src=&#8221;https:\/\/tallersplaja.com\/wp-content\/uploads\/2017\/03\/peugeot-807130_1920.jpg&#8221; show_in_lightbox=&#8221;off&#8221; url_new_window=&#8221;off&#8221; animation=&#8221;off&#8221; sticky=&#8221;off&#8221; align=&#8221;left&#8221; force_fullwidth=&#8221;off&#8221; always_center_on_mobile=&#8221;on&#8221; use_border_color=&#8221;on&#8221; border_color=&#8221;#070730&#8243; border_style=&#8221;solid&#8221;] [\/et_pb_image][\/et_pb_column][et_pb_column type=&#8221;1_2&#8243; specialty_columns=&#8221;2&#8243;][et_pb_row_inner admin_label=&#8221;Fila&#8221;][et_pb_column_inner type=&#8221;4_4&#8243; saved_specialty_column_type=&#8221;1_2&#8243;][et_pb_text admin_label=&#8221;Texto&#8221; background_layout=&#8221;light&#8221; text_orientation=&#8221;center&#8221; use_border_color=&#8221;on&#8221; border_color=&#8221;#070730&#8243; border_style=&#8221;solid&#8221;]<\/p>\n<h4 style=\"text-align: center;\">VEHICLE DE SUBSTITUCI\u00d3<\/h4>\n<p>[\/et_pb_text][et_pb_text admin_label=&#8221;Texto&#8221; background_layout=&#8221;light&#8221; text_orientation=&#8221;left&#8221; use_border_color=&#8221;off&#8221; border_color=&#8221;#ffffff&#8221; border_style=&#8221;solid&#8221;]<\/p>\n<p>Gaudi dels nostres vehicles de substituci\u00f3 que li oferim en qualsevol dels nostres serveis.<\/p>\n<p>En el moment que deixa el seu vehicle en el nostre taller li vam lliurar un cotxe de substituci\u00f3 mentre repara el seu vehicle a Tallers Plaja.<\/p>\n<p>Els vehicles disposen de tots els papers en regla i pot gaudir de l&#8217;com si fos seu.<\/p>\n<p>[\/et_pb_text][\/et_pb_column_inner][\/et_pb_row_inner][\/et_pb_column][\/et_pb_section]<\/p>","protected":false},"excerpt":{"rendered":"<p>VEHICLE DE SUBSTITUCI\u00d3 Gaudi dels nostres vehicles de substituci\u00f3 que li oferim en qualsevol dels nostres serveis. En el moment que deixa el seu vehicle en el nostre taller li vam lliurar un cotxe de substituci\u00f3 mentre repara el seu vehicle a Tallers Plaja. Els vehicles disposen de tots els papers en regla i pot [&hellip;]<\/p>\n","protected":false},"author":5,"featured_media":0,"parent":0,"menu_order":0,"comment_status":"closed","ping_status":"closed","template":"","meta":{"_et_pb_use_builder":"on","_et_pb_old_content":"","_et_gb_content_width":"","footnotes":""},"class_list":["post-573","page","type-page","status-publish","hentry"],"_links":{"self":[{"href":"https:\/\/tallersplaja.com\/ca\/wp-json\/wp\/v2\/pages\/573"}],"collection":[{"href":"https:\/\/tallersplaja.com\/ca\/wp-json\/wp\/v2\/pages"}],"about":[{"href":"https:\/\/tallersplaja.com\/ca\/wp-json\/wp\/v2\/types\/page"}],"author":[{"embeddable":true,"href":"https:\/\/tallersplaja.com\/ca\/wp-json\/wp\/v2\/users\/5"}],"replies":[{"embeddable":true,"href":"https:\/\/tallersplaja.com\/ca\/wp-json\/wp\/v2\/comments?post=573"}],"version-history":[{"count":10,"href":"https:\/\/tallersplaja.com\/ca\/wp-json\/wp\/v2\/pages\/573\/revisions"}],"predecessor-version":[{"id":1169,"href":"https:\/\/tallersplaja.com\/ca\/wp-json\/wp\/v2\/pages\/573\/revisions\/1169"}],"wp:attachment":[{"href":"https:\/\/tallersplaja.com\/ca\/wp-json\/wp\/v2\/media?parent=573"}],"curies":[{"name":"wp","href":"https:\/\/api.w.org\/{rel}","templated":true}]}}