{"id":576,"date":"2017-07-02T17:47:59","date_gmt":"2017-07-02T17:47:59","guid":{"rendered":"http:\/\/www.tallersplaja.com\/?page_id=576"},"modified":"2017-12-22T14:39:37","modified_gmt":"2017-12-22T14:39:37","slug":"financiacion-de-reparaciones","status":"publish","type":"page","link":"https:\/\/tallersplaja.com\/ca\/financiacion-de-reparaciones\/","title":{"rendered":"FINAN\u00c7AMENT DE REPARACIONS"},"content":{"rendered":"<p>[et_pb_section bb_built=&#8221;1&#8243; fullwidth=&#8221;on&#8221; specialty=&#8221;off&#8221;][et_pb_fullwidth_header title=&#8221;FINAN\u00c7AMENT DE REPARACIONS&#8221; background_layout=&#8221;dark&#8221; text_orientation=&#8221;center&#8221; header_fullscreen=&#8221;off&#8221; header_scroll_down=&#8221;off&#8221; background_url=&#8221;https:\/\/tallersplaja.com\/wp-content\/uploads\/2017\/06\/accountant-1238598_640.jpg&#8221; parallax=&#8221;off&#8221; parallax_method=&#8221;off&#8221; content_orientation=&#8221;center&#8221; image_orientation=&#8221;center&#8221; custom_button_one=&#8221;off&#8221; button_one_letter_spacing=&#8221;0&#8243; button_one_use_icon=&#8221;default&#8221; button_one_icon_placement=&#8221;right&#8221; button_one_on_hover=&#8221;on&#8221; button_one_letter_spacing_hover=&#8221;0&#8243; custom_button_two=&#8221;off&#8221; button_two_letter_spacing=&#8221;0&#8243; button_two_use_icon=&#8221;default&#8221; button_two_icon_placement=&#8221;right&#8221; button_two_on_hover=&#8221;on&#8221; button_two_letter_spacing_hover=&#8221;0&#8243; background_image=&#8221;https:\/\/tallersplaja.com\/wp-content\/uploads\/2017\/06\/accountant-1238598_640.jpg&#8221; \/][\/et_pb_section][et_pb_section bb_built=&#8221;1&#8243; fullwidth=&#8221;off&#8221; specialty=&#8221;on&#8221;][et_pb_column type=&#8221;1_2&#8243;][et_pb_image src=&#8221;https:\/\/tallersplaja.com\/wp-content\/uploads\/2017\/12\/auto-financing-2157347_1280.jpg&#8221; show_in_lightbox=&#8221;off&#8221; url_new_window=&#8221;off&#8221; align=&#8221;left&#8221; force_fullwidth=&#8221;off&#8221; always_center_on_mobile=&#8221;on&#8221; use_border_color=&#8221;on&#8221; show_bottom_space=&#8221;off&#8221; border_color_all=&#8221;#070730&#8243; _builder_version=&#8221;3.0.91&#8243; use_overlay=&#8221;off&#8221; \/][\/et_pb_column][et_pb_column type=&#8221;1_2&#8243; specialty_columns=&#8221;2&#8243;][et_pb_row_inner admin_label=&#8221;Fila&#8221;][et_pb_column_inner type=&#8221;4_4&#8243; saved_specialty_column_type=&#8221;1_2&#8243;][et_pb_text background_layout=&#8221;dark&#8221; text_orientation=&#8221;center&#8221; use_border_color=&#8221;on&#8221; border_color=&#8221;#070730&#8243; border_style=&#8221;solid&#8221; border_color_all=&#8221;#070730&#8243; border_style_all=&#8221;solid&#8221;]<\/p>\n<h4 style=\"text-align: center;\">FINAN\u00c7AMENT DE REPARACIONS<\/h4>\n<p>[\/et_pb_text][et_pb_text background_layout=&#8221;light&#8221; text_orientation=&#8221;left&#8221; use_border_color=&#8221;off&#8221; border_color=&#8221;#ffffff&#8221; border_style=&#8221;solid&#8221; border_color_all=&#8221;#ffffff&#8221; border_style_all=&#8221;solid&#8221;]<\/p>\n<p align=\"left\">Disposem de serveis de finan\u00e7ament flexible, pot finan\u00e7ar la reparaci\u00f3 o la compra de vehicles.<\/p>\n<ul>\n<li>Finan\u00e7ament sense entrada.<\/li>\n<li>Aprovaci\u00f3 pr\u00e0cticament immediata (pr\u00e8via acceptaci\u00f3<\/li>\n<\/ul>\n<p>&nbsp;<\/p>\n<p>[\/et_pb_text][\/et_pb_column_inner][\/et_pb_row_inner][\/et_pb_column][\/et_pb_section]<\/p>","protected":false},"excerpt":{"rendered":"<p>FINAN\u00c7AMENT DE REPARACIONS Disposem de serveis de finan\u00e7ament flexible, pot finan\u00e7ar la reparaci\u00f3 o la compra de vehicles. Finan\u00e7ament sense entrada. Aprovaci\u00f3 pr\u00e0cticament immediata (pr\u00e8via acceptaci\u00f3 &nbsp;<\/p>\n","protected":false},"author":5,"featured_media":0,"parent":0,"menu_order":0,"comment_status":"closed","ping_status":"closed","template":"","meta":{"_et_pb_use_builder":"on","_et_pb_old_content":"","_et_gb_content_width":"","footnotes":""},"class_list":["post-576","page","type-page","status-publish","hentry"],"_links":{"self":[{"href":"https:\/\/tallersplaja.com\/ca\/wp-json\/wp\/v2\/pages\/576"}],"collection":[{"href":"https:\/\/tallersplaja.com\/ca\/wp-json\/wp\/v2\/pages"}],"about":[{"href":"https:\/\/tallersplaja.com\/ca\/wp-json\/wp\/v2\/types\/page"}],"author":[{"embeddable":true,"href":"https:\/\/tallersplaja.com\/ca\/wp-json\/wp\/v2\/users\/5"}],"replies":[{"embeddable":true,"href":"https:\/\/tallersplaja.com\/ca\/wp-json\/wp\/v2\/comments?post=576"}],"version-history":[{"count":12,"href":"https:\/\/tallersplaja.com\/ca\/wp-json\/wp\/v2\/pages\/576\/revisions"}],"predecessor-version":[{"id":1177,"href":"https:\/\/tallersplaja.com\/ca\/wp-json\/wp\/v2\/pages\/576\/revisions\/1177"}],"wp:attachment":[{"href":"https:\/\/tallersplaja.com\/ca\/wp-json\/wp\/v2\/media?parent=576"}],"curies":[{"name":"wp","href":"https:\/\/api.w.org\/{rel}","templated":true}]}}