{"id":582,"date":"2017-07-02T18:10:10","date_gmt":"2017-07-02T18:10:10","guid":{"rendered":"http:\/\/www.tallersplaja.com\/?page_id=582"},"modified":"2017-12-22T14:28:34","modified_gmt":"2017-12-22T14:28:34","slug":"seguros","status":"publish","type":"page","link":"https:\/\/tallersplaja.com\/ca\/seguros\/","title":{"rendered":"ASSEGURANCES"},"content":{"rendered":"<p class=\"qtranxs-available-languages-message qtranxs-available-languages-message-ca\">Ho sentim, aquesta entrada es troba disponible \u00fanicament en <a href=\"https:\/\/tallersplaja.com\/es\/wp-json\/wp\/v2\/pages\/582\" class=\"qtranxs-available-language-link qtranxs-available-language-link-es\" title=\"Espa\u00f1ol\">Espa\u00f1ol<\/a>, <a href=\"https:\/\/tallersplaja.com\/en\/wp-json\/wp\/v2\/pages\/582\" class=\"qtranxs-available-language-link qtranxs-available-language-link-en\" title=\"English\">English<\/a> i <a href=\"https:\/\/tallersplaja.com\/fr\/wp-json\/wp\/v2\/pages\/582\" class=\"qtranxs-available-language-link qtranxs-available-language-link-fr\" title=\"Fran\u00e7ais\">Fran\u00e7ais<\/a>.<\/p>","protected":false},"excerpt":{"rendered":"<p>Ho sentim, aquesta entrada es troba disponible \u00fanicament en Espa\u00f1ol, English i Fran\u00e7ais.<\/p>\n","protected":false},"author":5,"featured_media":0,"parent":0,"menu_order":0,"comment_status":"closed","ping_status":"closed","template":"","meta":{"_et_pb_use_builder":"on","_et_pb_old_content":"","_et_gb_content_width":"","footnotes":""},"class_list":["post-582","page","type-page","status-publish","hentry"],"_links":{"self":[{"href":"https:\/\/tallersplaja.com\/ca\/wp-json\/wp\/v2\/pages\/582"}],"collection":[{"href":"https:\/\/tallersplaja.com\/ca\/wp-json\/wp\/v2\/pages"}],"about":[{"href":"https:\/\/tallersplaja.com\/ca\/wp-json\/wp\/v2\/types\/page"}],"author":[{"embeddable":true,"href":"https:\/\/tallersplaja.com\/ca\/wp-json\/wp\/v2\/users\/5"}],"replies":[{"embeddable":true,"href":"https:\/\/tallersplaja.com\/ca\/wp-json\/wp\/v2\/comments?post=582"}],"version-history":[{"count":13,"href":"https:\/\/tallersplaja.com\/ca\/wp-json\/wp\/v2\/pages\/582\/revisions"}],"predecessor-version":[{"id":1170,"href":"https:\/\/tallersplaja.com\/ca\/wp-json\/wp\/v2\/pages\/582\/revisions\/1170"}],"wp:attachment":[{"href":"https:\/\/tallersplaja.com\/ca\/wp-json\/wp\/v2\/media?parent=582"}],"curies":[{"name":"wp","href":"https:\/\/api.w.org\/{rel}","templated":true}]}}