{"id":41,"date":"2017-03-21T10:37:10","date_gmt":"2017-03-21T10:37:10","guid":{"rendered":"http:\/\/cars.controllogic.es\/?page_id=41"},"modified":"2017-07-19T06:40:15","modified_gmt":"2017-07-19T06:40:15","slug":"servicios","status":"publish","type":"page","link":"https:\/\/tallersplaja.com\/fr\/servicios\/","title":{"rendered":"Services"},"content":{"rendered":"<p>[et_pb_section admin_label=\u00a0\u00bbsection\u00a0\u00bb fullwidth=\u00a0\u00bboff\u00a0\u00bb specialty=\u00a0\u00bboff\u00a0\u00bb background_color=\u00a0\u00bb#f7f7f7&Prime; inner_shadow=\u00a0\u00bboff\u00a0\u00bb parallax=\u00a0\u00bboff\u00a0\u00bb][et_pb_row admin_label=\u00a0\u00bbrow\u00a0\u00bb][et_pb_column type=\u00a0\u00bb1_2&Prime;][et_pb_image admin_label=\u00a0\u00bbImage\u00a0\u00bb src=\u00a0\u00bbhttps:\/\/tallersplaja.com\/wp-content\/uploads\/2017\/03\/auto-repair-1954636_640.jpg\u00a0\u00bb url_new_window=\u00a0\u00bboff\u00a0\u00bb animation=\u00a0\u00bboff\u00a0\u00bb show_in_lightbox=\u00a0\u00bboff\u00a0\u00bb sticky=\u00a0\u00bboff\u00a0\u00bb align=\u00a0\u00bbleft\u00a0\u00bb force_fullwidth=\u00a0\u00bboff\u00a0\u00bb always_center_on_mobile=\u00a0\u00bbon\u00a0\u00bb use_border_color=\u00a0\u00bboff\u00a0\u00bb border_color=\u00a0\u00bb#ffffff\u00a0\u00bb border_style=\u00a0\u00bbsolid\u00a0\u00bb use_overlay=\u00a0\u00bboff\u00a0\u00bb] [\/et_pb_image][\/et_pb_column][et_pb_column type=\u00a0\u00bb1_2&Prime;][et_pb_cta admin_label=\u00a0\u00bbCall To Action\u00a0\u00bb background_color=\u00a0\u00bb#2caaca\u00a0\u00bb use_background_color=\u00a0\u00bboff\u00a0\u00bb background_layout=\u00a0\u00bblight\u00a0\u00bb text_orientation=\u00a0\u00bbleft\u00a0\u00bb url_new_window=\u00a0\u00bboff\u00a0\u00bb use_border_color=\u00a0\u00bboff\u00a0\u00bb border_color=\u00a0\u00bb#ffffff\u00a0\u00bb border_style=\u00a0\u00bbsolid\u00a0\u00bb custom_button=\u00a0\u00bboff\u00a0\u00bb button_letter_spacing=\u00a0\u00bb0&Prime; button_use_icon=\u00a0\u00bbdefault\u00a0\u00bb button_icon_placement=\u00a0\u00bbright\u00a0\u00bb button_on_hover=\u00a0\u00bbon\u00a0\u00bb button_letter_spacing_hover=\u00a0\u00bb0&Prime;]<\/p>\n<h5 style=\"text-align: center;\">ENTRETIEN ET R\u00c9VISIONS<\/h5>\n<h4>Nous <strong>maintenons votre v\u00e9hicule<\/strong> et des contr\u00f4les p\u00e9riodiques n\u00e9cessaires pour votre voiture.<\/h4>\n<h4>Effectuer voiture <strong>pr\u00e9-ITV<\/strong> sua et d\u00e9tecter les \u00e9ventuels probl\u00e8mes avant de passer l&rsquo;ITV, ont des <strong>dispositifs de diagnostic<\/strong> identiques \u00e0 ceux utilis\u00e9s dans l&rsquo;ITV.<\/h4>\n<h4>Nous avons des outils <strong>d&rsquo;analyse<\/strong> et de diagnostic dans tous les types de d\u00e9fauts <strong>Multimarca<\/strong>. De cette fa\u00e7on, nous <strong>garantissons<\/strong> le bon fonctionnement de votre v\u00e9hicule.<\/h4>\n<p>[\/et_pb_cta][\/et_pb_column][\/et_pb_row][\/et_pb_section][et_pb_section admin_label=\u00a0\u00bbsection\u00a0\u00bb fullwidth=\u00a0\u00bboff\u00a0\u00bb specialty=\u00a0\u00bboff\u00a0\u00bb background_color=\u00a0\u00bb#ffffff\u00a0\u00bb inner_shadow=\u00a0\u00bboff\u00a0\u00bb parallax=\u00a0\u00bboff\u00a0\u00bb][et_pb_row admin_label=\u00a0\u00bbrow\u00a0\u00bb make_fullwidth=\u00a0\u00bbon\u00a0\u00bb use_custom_width=\u00a0\u00bboff\u00a0\u00bb width_unit=\u00a0\u00bbon\u00a0\u00bb use_custom_gutter=\u00a0\u00bboff\u00a0\u00bb padding_mobile=\u00a0\u00bboff\u00a0\u00bb allow_player_pause=\u00a0\u00bboff\u00a0\u00bb parallax=\u00a0\u00bboff\u00a0\u00bb parallax_method=\u00a0\u00bboff\u00a0\u00bb make_equal=\u00a0\u00bboff\u00a0\u00bb column_padding_mobile=\u00a0\u00bbon\u00a0\u00bb][et_pb_column type=\u00a0\u00bb1_3&Prime;][et_pb_cta admin_label=\u00a0\u00bbCall To Action\u00a0\u00bb background_color=\u00a0\u00bb#2caaca\u00a0\u00bb use_background_color=\u00a0\u00bboff\u00a0\u00bb background_layout=\u00a0\u00bblight\u00a0\u00bb text_orientation=\u00a0\u00bbcenter\u00a0\u00bb url_new_window=\u00a0\u00bboff\u00a0\u00bb use_border_color=\u00a0\u00bboff\u00a0\u00bb border_color=\u00a0\u00bb#ffffff\u00a0\u00bb border_style=\u00a0\u00bbsolid\u00a0\u00bb custom_button=\u00a0\u00bboff\u00a0\u00bb button_letter_spacing=\u00a0\u00bb0&Prime; button_use_icon=\u00a0\u00bbdefault\u00a0\u00bb button_icon_placement=\u00a0\u00bbright\u00a0\u00bb button_on_hover=\u00a0\u00bbon\u00a0\u00bb button_letter_spacing_hover=\u00a0\u00bb0&Prime;]<\/p>\n<h5 style=\"text-align: center;\">M\u00c9CANIQUE ET \u00c9LECTRONIQUE<\/h5>\n<p>Bien conna\u00eetre votre v\u00e9hicule et toujours offrir un bon service \u00e0 vos besoins, l&rsquo;examen et l&rsquo;entretien est l&rsquo;ABC de bon fonctionnement de votre v\u00e9hicule.<\/p>\n<p>Nous avons des outils d&rsquo;analyse et de diagnostic dans tous les types de d\u00e9fauts Multimarca. De cette fa\u00e7on, nous garantissons le bon fonctionnement de votre v\u00e9hicule.<\/p>\n<p>[\/et_pb_cta][\/et_pb_column][et_pb_column type=\u00a0\u00bb2_3&Prime;][et_pb_image admin_label=\u00a0\u00bbImage\u00a0\u00bb src=\u00a0\u00bbhttps:\/\/tallersplaja.com\/wp-content\/uploads\/2017\/06\/mecanicos.jpg\u00a0\u00bb url_new_window=\u00a0\u00bboff\u00a0\u00bb animation=\u00a0\u00bboff\u00a0\u00bb show_in_lightbox=\u00a0\u00bboff\u00a0\u00bb sticky=\u00a0\u00bbon\u00a0\u00bb align=\u00a0\u00bbleft\u00a0\u00bb force_fullwidth=\u00a0\u00bboff\u00a0\u00bb always_center_on_mobile=\u00a0\u00bbon\u00a0\u00bb use_border_color=\u00a0\u00bboff\u00a0\u00bb border_color=\u00a0\u00bb#ffffff\u00a0\u00bb border_style=\u00a0\u00bbsolid\u00a0\u00bb custom_margin=\u00a0\u00bb50px|50px|50px|50px\u00a0\u00bb use_overlay=\u00a0\u00bboff\u00a0\u00bb] [\/et_pb_image][\/et_pb_column][\/et_pb_row][\/et_pb_section][et_pb_section admin_label=\u00a0\u00bbsection\u00a0\u00bb fullwidth=\u00a0\u00bboff\u00a0\u00bb specialty=\u00a0\u00bboff\u00a0\u00bb background_color=\u00a0\u00bb#f7f7f7&Prime; inner_shadow=\u00a0\u00bboff\u00a0\u00bb parallax=\u00a0\u00bboff\u00a0\u00bb][et_pb_row admin_label=\u00a0\u00bbrow\u00a0\u00bb][et_pb_column type=\u00a0\u00bb1_2&Prime;][et_pb_image admin_label=\u00a0\u00bbImage\u00a0\u00bb src=\u00a0\u00bbhttps:\/\/tallersplaja.com\/wp-content\/uploads\/2017\/06\/pintado-de-coche.png\u00a0\u00bb url_new_window=\u00a0\u00bboff\u00a0\u00bb animation=\u00a0\u00bboff\u00a0\u00bb show_in_lightbox=\u00a0\u00bboff\u00a0\u00bb sticky=\u00a0\u00bboff\u00a0\u00bb align=\u00a0\u00bbleft\u00a0\u00bb force_fullwidth=\u00a0\u00bboff\u00a0\u00bb always_center_on_mobile=\u00a0\u00bbon\u00a0\u00bb use_border_color=\u00a0\u00bboff\u00a0\u00bb border_color=\u00a0\u00bb#ffffff\u00a0\u00bb border_style=\u00a0\u00bbsolid\u00a0\u00bb use_overlay=\u00a0\u00bboff\u00a0\u00bb] [\/et_pb_image][\/et_pb_column][et_pb_column type=\u00a0\u00bb1_2&Prime;][et_pb_cta admin_label=\u00a0\u00bbCall To Action\u00a0\u00bb background_color=\u00a0\u00bb#2caaca\u00a0\u00bb use_background_color=\u00a0\u00bboff\u00a0\u00bb background_layout=\u00a0\u00bblight\u00a0\u00bb text_orientation=\u00a0\u00bbleft\u00a0\u00bb url_new_window=\u00a0\u00bboff\u00a0\u00bb use_border_color=\u00a0\u00bboff\u00a0\u00bb border_color=\u00a0\u00bb#ffffff\u00a0\u00bb border_style=\u00a0\u00bbsolid\u00a0\u00bb custom_button=\u00a0\u00bboff\u00a0\u00bb button_letter_spacing=\u00a0\u00bb0&Prime; button_use_icon=\u00a0\u00bbdefault\u00a0\u00bb button_icon_placement=\u00a0\u00bbright\u00a0\u00bb button_on_hover=\u00a0\u00bbon\u00a0\u00bb button_letter_spacing_hover=\u00a0\u00bb0&Prime;]<\/p>\n<h5 style=\"text-align: center;\">PLATS ET PEINTURE<\/h5>\n<p>Bien conna\u00eetre votre v\u00e9hicule et toujours offrir un bon service \u00e0 vos besoins, l&rsquo;examen et l&rsquo;entretien est l&rsquo;ABC de bon fonctionnement de votre v\u00e9hicule.<\/p>\n<p>Nous avons des outils d&rsquo;analyse et de diagnostic dans tous les types de d\u00e9fauts Multimarca. De cette fa\u00e7on, nous garantissons le bon fonctionnement de votre v\u00e9hicule.<\/p>\n<p>[\/et_pb_cta][\/et_pb_column][\/et_pb_row][\/et_pb_section]<\/p>","protected":false},"excerpt":{"rendered":"<p>ENTRETIEN ET R\u00c9VISIONS Nous maintenons votre v\u00e9hicule et des contr\u00f4les p\u00e9riodiques n\u00e9cessaires pour votre voiture. Effectuer voiture pr\u00e9-ITV sua et d\u00e9tecter les \u00e9ventuels probl\u00e8mes avant de passer l&rsquo;ITV, ont des dispositifs de diagnostic identiques \u00e0 ceux utilis\u00e9s dans l&rsquo;ITV. Nous avons des outils d&rsquo;analyse et de diagnostic dans tous les types de d\u00e9fauts Multimarca. De [&hellip;]<\/p>\n","protected":false},"author":5,"featured_media":0,"parent":0,"menu_order":0,"comment_status":"open","ping_status":"open","template":"","meta":{"_et_pb_use_builder":"on","_et_pb_old_content":"","_et_gb_content_width":"","footnotes":""},"class_list":["post-41","page","type-page","status-publish","hentry"],"_links":{"self":[{"href":"https:\/\/tallersplaja.com\/fr\/wp-json\/wp\/v2\/pages\/41"}],"collection":[{"href":"https:\/\/tallersplaja.com\/fr\/wp-json\/wp\/v2\/pages"}],"about":[{"href":"https:\/\/tallersplaja.com\/fr\/wp-json\/wp\/v2\/types\/page"}],"author":[{"embeddable":true,"href":"https:\/\/tallersplaja.com\/fr\/wp-json\/wp\/v2\/users\/5"}],"replies":[{"embeddable":true,"href":"https:\/\/tallersplaja.com\/fr\/wp-json\/wp\/v2\/comments?post=41"}],"version-history":[{"count":20,"href":"https:\/\/tallersplaja.com\/fr\/wp-json\/wp\/v2\/pages\/41\/revisions"}],"predecessor-version":[{"id":881,"href":"https:\/\/tallersplaja.com\/fr\/wp-json\/wp\/v2\/pages\/41\/revisions\/881"}],"wp:attachment":[{"href":"https:\/\/tallersplaja.com\/fr\/wp-json\/wp\/v2\/media?parent=41"}],"curies":[{"name":"wp","href":"https:\/\/api.w.org\/{rel}","templated":true}]}}