{"id":455,"date":"2017-06-25T12:29:59","date_gmt":"2017-06-25T12:29:59","guid":{"rendered":"http:\/\/www.tallersplaja.com\/?page_id=455"},"modified":"2017-12-22T13:22:02","modified_gmt":"2017-12-22T13:22:02","slug":"mecanica-y-electronica","status":"publish","type":"page","link":"https:\/\/tallersplaja.com\/fr\/mecanica-y-electronica\/","title":{"rendered":"MECANIQUE ET ELECTRONIQUE"},"content":{"rendered":"<p>[et_pb_section admin_label=\u00a0\u00bbSecci\u00f3n\u00a0\u00bb fullwidth=\u00a0\u00bbon\u00a0\u00bb specialty=\u00a0\u00bboff\u00a0\u00bb][et_pb_fullwidth_header admin_label=\u00a0\u00bbT\u00edtulo de anchura completa\u00a0\u00bb title=\u00a0\u00bbMECANIQUE ET ELECTRONIQUE\u00a0\u00bb background_layout=\u00a0\u00bbdark\u00a0\u00bb text_orientation=\u00a0\u00bbcenter\u00a0\u00bb header_fullscreen=\u00a0\u00bboff\u00a0\u00bb header_scroll_down=\u00a0\u00bboff\u00a0\u00bb background_url=\u00a0\u00bbhttps:\/\/tallersplaja.com\/wp-content\/uploads\/2017\/06\/mecanicos.jpg\u00a0\u00bb parallax=\u00a0\u00bboff\u00a0\u00bb parallax_method=\u00a0\u00bboff\u00a0\u00bb content_orientation=\u00a0\u00bbcenter\u00a0\u00bb image_orientation=\u00a0\u00bbcenter\u00a0\u00bb custom_button_one=\u00a0\u00bboff\u00a0\u00bb button_one_letter_spacing=\u00a0\u00bb0&Prime; button_one_use_icon=\u00a0\u00bbdefault\u00a0\u00bb button_one_icon_placement=\u00a0\u00bbright\u00a0\u00bb button_one_on_hover=\u00a0\u00bbon\u00a0\u00bb button_one_letter_spacing_hover=\u00a0\u00bb0&Prime; custom_button_two=\u00a0\u00bboff\u00a0\u00bb button_two_letter_spacing=\u00a0\u00bb0&Prime; button_two_use_icon=\u00a0\u00bbdefault\u00a0\u00bb button_two_icon_placement=\u00a0\u00bbright\u00a0\u00bb button_two_on_hover=\u00a0\u00bbon\u00a0\u00bb button_two_letter_spacing_hover=\u00a0\u00bb0&Prime;] [\/et_pb_fullwidth_header][\/et_pb_section][et_pb_section admin_label=\u00a0\u00bbSecci\u00f3n\u00a0\u00bb fullwidth=\u00a0\u00bboff\u00a0\u00bb specialty=\u00a0\u00bbon\u00a0\u00bb][et_pb_column type=\u00a0\u00bb1_2&Prime;][et_pb_image admin_label=\u00a0\u00bbImagen\u00a0\u00bb src=\u00a0\u00bbhttps:\/\/tallersplaja.com\/wp-content\/uploads\/2017\/06\/reparando-frontal-1.jpg\u00a0\u00bb show_in_lightbox=\u00a0\u00bboff\u00a0\u00bb url_new_window=\u00a0\u00bboff\u00a0\u00bb animation=\u00a0\u00bboff\u00a0\u00bb sticky=\u00a0\u00bboff\u00a0\u00bb align=\u00a0\u00bbleft\u00a0\u00bb force_fullwidth=\u00a0\u00bboff\u00a0\u00bb always_center_on_mobile=\u00a0\u00bbon\u00a0\u00bb use_border_color=\u00a0\u00bbon\u00a0\u00bb border_color=\u00a0\u00bb#070730&Prime; border_style=\u00a0\u00bbsolid\u00a0\u00bb] [\/et_pb_image][\/et_pb_column][et_pb_column type=\u00a0\u00bb1_2&Prime; specialty_columns=\u00a0\u00bb2&Prime;][et_pb_row_inner admin_label=\u00a0\u00bbFila\u00a0\u00bb][et_pb_column_inner type=\u00a0\u00bb4_4&Prime; saved_specialty_column_type=\u00a0\u00bb1_2&Prime;][et_pb_text admin_label=\u00a0\u00bbTexto\u00a0\u00bb background_layout=\u00a0\u00bblight\u00a0\u00bb text_orientation=\u00a0\u00bbcenter\u00a0\u00bb use_border_color=\u00a0\u00bbon\u00a0\u00bb border_color=\u00a0\u00bb#070730&Prime; border_style=\u00a0\u00bbsolid\u00a0\u00bb]<\/p>\n<h4 style=\"text-align: center;\">MECANIQUE ET ELECTRONIQUE<\/h4>\n<p>[\/et_pb_text][et_pb_text admin_label=\u00a0\u00bbTexto\u00a0\u00bb background_layout=\u00a0\u00bblight\u00a0\u00bb text_orientation=\u00a0\u00bbleft\u00a0\u00bb use_border_color=\u00a0\u00bboff\u00a0\u00bb border_color=\u00a0\u00bb#ffffff\u00a0\u00bb border_style=\u00a0\u00bbsolid\u00a0\u00bb]<\/p>\n<p>Bien conna\u00eetre votre v\u00e9hicule et toujours offrir un bon service \u00e0 vos besoins, l&rsquo;examen et l&rsquo;entretien est l&rsquo;ABC de bon fonctionnement de votre v\u00e9hicule.<\/p>\n<p>Nous avons des outils d&rsquo;analyse et de diagnostic dans tous les types de d\u00e9fauts Multimarca. De cette fa\u00e7on, nous garantissons le bon fonctionnement de votre v\u00e9hicule.<\/p>\n<p>[\/et_pb_text][\/et_pb_column_inner][\/et_pb_row_inner][\/et_pb_column][\/et_pb_section][et_pb_section admin_label=\u00a0\u00bbSecci\u00f3n\u00a0\u00bb fullwidth=\u00a0\u00bboff\u00a0\u00bb specialty=\u00a0\u00bboff\u00a0\u00bb][et_pb_row admin_label=\u00a0\u00bbFila\u00a0\u00bb][et_pb_column type=\u00a0\u00bb4_4&Prime;][et_pb_text admin_label=\u00a0\u00bbTexto\u00a0\u00bb background_layout=\u00a0\u00bblight\u00a0\u00bb text_orientation=\u00a0\u00bbleft\u00a0\u00bb use_border_color=\u00a0\u00bboff\u00a0\u00bb border_color=\u00a0\u00bb#ffffff\u00a0\u00bb border_style=\u00a0\u00bbsolid\u00a0\u00bb]<\/p>\n<h6><span style=\"color: #999999;\"><strong>Tallers Plaja, taller mec\u00e1nico en Figueres (Girona, l\u2019Escala, Figueres, Riells, Sant Pere Pescador, Torroella de Montgr\u00ed Castello d\u2019Empuries, Empuriabrava, Roses, la Bisbal. Especialistas en Peugeot, Citroen, Renault, Ford, Seat, Dacia, Audi, Mercedes, y autom\u00f3viles y coches multimarca. Ofrecemos Servicios de taller mec\u00e1nico de autom\u00f3viles, taller mec\u00e1nico de coche, reparaci\u00f3n autom\u00f3vil, reparaci\u00f3n coche en l\u2019escala, mantenimiento coche en l\u2019escala, neum\u00e1ticos, pinchazos, bater\u00edas, cambio de aceite, revisi\u00f3n de autom\u00f3vil l\u2019Escala, electricidad, navegador, gps, blaupunk, tavelpilot, alarma, aire acondicionado, itv, pre-itv, buj\u00edas, inyectores, sistema de inyecci\u00f3n, limpieza de inyectores, servicios de mec\u00e1nica de autom\u00f3vil, embrague, motor, trasmisi\u00f3n, diferencial, junta de culata, substituci\u00f3n de tubos de escape, catalizadores, sistema anticontaminaci\u00f3n, sistemas de sobrealimentaci\u00f3n, servicios electricidad del autom\u00f3vil, Sistema de arranque y carga, Electricidad telem\u00e1tica del autom\u00f3vil, Electricidad multimarca autom\u00f3vil, Revisi\u00f3n y reparaci\u00f3n de los sistemas de confort, Revisi\u00f3n y reparaci\u00f3n de los sistemas motorizados , (ventanas, techos, puertas y asientos), Revisi\u00f3n de la seguridad pasiva del coche: cinturones de seguridad, sistema de retenci\u00f3n de seguridad (airbag), retrovisores, lunas, iluminaci\u00f3n, direcci\u00f3n y r\u00f3tulas, Revisi\u00f3n de la seguridad activa del coche: frenos, sistemas antibloqueo de frenos, control de tracci\u00f3n y estabilidad (ABS, ESP, ASR, DSC\u2026), amortiguadores y suspensi\u00f3n, Revisi\u00f3n de la combusti\u00f3n del coche: medici\u00f3n de emisi\u00f3n de contaminantes del veh\u00edculo, neum\u00e1ticos, El buen estado de los neum\u00e1ticos es vital para la seguridad, la selecci\u00f3n de los neum\u00e1ticos m\u00e1s adecuados a tus necesidades., Disponemos de las mejores marcas de neum\u00e1ticos y contamos con el asesoramiento t\u00e9cnico de nuestros profesionales, pastillas de freno, correo distribuci\u00f3n, filtros, Culatas, mantenimiento, GARANT\u00cdA OFICIAL GARANTIZADA Te ofrecemos un servicio de mantenimiento multimarca conservando la garant\u00eda del fabricante* del turismo a un precio mucho m\u00e1s competitivo. Adem\u00e1s, revisamos 30 puntos vitales de seguridad y rendimiento de tu veh\u00edculo a un precio cerrado, sin sorpresas, SERVICIOS DE MANTENIMIENTO DE EL AUTOM\u00d3VIL Sustituci\u00f3n de aceite y filtros, Revisi\u00f3n oficial del coche seg\u00fan par\u00e1metros del fabricante, Reset testigo inspecci\u00f3n t\u00e9cnica, Regulaci\u00f3n y ajuste del alumbrado del autom\u00f3vil, Sustituci\u00f3n de bater\u00edas, buj\u00edas y calentadores del autom\u00f3vil, Sustituci\u00f3n de la correa de distribuci\u00f3n del autom\u00f3vil, Amortiguadores y suspensi\u00f3n del autom\u00f3vil, Sistemas anticontaminaci\u00f3n: FAP, DPF, Correa de accesorios o servicio, servicios t\u00e9cnicos oficial Bosch Car Service figueres. Alt Emporda, Gerona. Tallers Plaja, taller mec\u00e1nico en Figueres (Girona, Alt Empord\u00e0) que ofrece los servicios de: Bosch car service, electricidad del autom\u00f3vil, electr\u00f3nica, navegaci\u00f3n sat\u00e9lite y GPS, telefon\u00eda m\u00f3vil, alarmas, bater\u00edas, aire acondicionado, calefacci\u00f3n y climatizaci\u00f3n, revisiones y mantenimientos, sistema de frenos, neum\u00e1ticos, radios CD y DVD, buj\u00edas, escobillas, revisiones para la ITV, revisi\u00f3n pre-ITV de tu coche, etc.<\/strong><\/span><\/h6>\n<p>[\/et_pb_text][\/et_pb_column][\/et_pb_row][\/et_pb_section]<\/p>","protected":false},"excerpt":{"rendered":"<p>MECANIQUE ET ELECTRONIQUE Bien conna\u00eetre votre v\u00e9hicule et toujours offrir un bon service \u00e0 vos besoins, l&rsquo;examen et l&rsquo;entretien est l&rsquo;ABC de bon fonctionnement de votre v\u00e9hicule. Nous avons des outils d&rsquo;analyse et de diagnostic dans tous les types de d\u00e9fauts Multimarca. De cette fa\u00e7on, nous garantissons le bon fonctionnement de votre v\u00e9hicule. Tallers Plaja, [&hellip;]<\/p>\n","protected":false},"author":5,"featured_media":0,"parent":0,"menu_order":0,"comment_status":"closed","ping_status":"closed","template":"","meta":{"_et_pb_use_builder":"on","_et_pb_old_content":"","_et_gb_content_width":"","footnotes":""},"class_list":["post-455","page","type-page","status-publish","hentry"],"_links":{"self":[{"href":"https:\/\/tallersplaja.com\/fr\/wp-json\/wp\/v2\/pages\/455"}],"collection":[{"href":"https:\/\/tallersplaja.com\/fr\/wp-json\/wp\/v2\/pages"}],"about":[{"href":"https:\/\/tallersplaja.com\/fr\/wp-json\/wp\/v2\/types\/page"}],"author":[{"embeddable":true,"href":"https:\/\/tallersplaja.com\/fr\/wp-json\/wp\/v2\/users\/5"}],"replies":[{"embeddable":true,"href":"https:\/\/tallersplaja.com\/fr\/wp-json\/wp\/v2\/comments?post=455"}],"version-history":[{"count":20,"href":"https:\/\/tallersplaja.com\/fr\/wp-json\/wp\/v2\/pages\/455\/revisions"}],"predecessor-version":[{"id":1168,"href":"https:\/\/tallersplaja.com\/fr\/wp-json\/wp\/v2\/pages\/455\/revisions\/1168"}],"wp:attachment":[{"href":"https:\/\/tallersplaja.com\/fr\/wp-json\/wp\/v2\/media?parent=455"}],"curies":[{"name":"wp","href":"https:\/\/api.w.org\/{rel}","templated":true}]}}