{"id":56,"date":"2017-03-21T11:02:34","date_gmt":"2017-03-21T11:02:34","guid":{"rendered":"http:\/\/cars.controllogic.es\/?page_id=56"},"modified":"2018-07-19T08:42:36","modified_gmt":"2018-07-19T08:42:36","slug":"contacto","status":"publish","type":"page","link":"https:\/\/tallersplaja.com\/fr\/contacto\/","title":{"rendered":"Contact"},"content":{"rendered":"<p>[et_pb_section admin_label=\u00a0\u00bbsection\u00a0\u00bb fullwidth=\u00a0\u00bbon\u00a0\u00bb specialty=\u00a0\u00bboff\u00a0\u00bb][et_pb_fullwidth_map admin_label=\u00a0\u00bbmapa de situacion\u00a0\u00bb zoom_level=\u00a0\u00bb15&Prime; address_lat=\u00a0\u00bb42.11842560610633&Prime; address_lng=\u00a0\u00bb3.137160562989032&Prime; address=\u00a0\u00bbCarrer Closa d&rsquo;en Llop, 104, 17130 L&rsquo;Escala, Girona, Espa\u00f1a\u00a0\u00bb mouse_wheel=\u00a0\u00bboff\u00a0\u00bb mobile_dragging=\u00a0\u00bbon\u00a0\u00bb] [et_pb_map_pin title=\u00a0\u00bbTallers Plaja\u00a0\u00bb pin_address=\u00a0\u00bbC\/ Closa de Llop, 104, 17130 Escala (L&rsquo;), Girona, Espa\u00f1a\u00a0\u00bb pin_address_lat=\u00a0\u00bb42.117569&Prime; pin_address_lng=\u00a0\u00bb3.1272050000000035&Prime;] [\/et_pb_map_pin] [\/et_pb_fullwidth_map][\/et_pb_section][et_pb_section admin_label=\u00a0\u00bbsection\u00a0\u00bb fullwidth=\u00a0\u00bboff\u00a0\u00bb][et_pb_row admin_label=\u00a0\u00bbrow\u00a0\u00bb][et_pb_column type=\u00a0\u00bb2_3&Prime;][et_pb_contact_form admin_label=\u00a0\u00bbContact Form\u00a0\u00bb captcha=\u00a0\u00bboff\u00a0\u00bb title=\u00a0\u00bbContactez-nous\u00a0\u00bb use_border_color=\u00a0\u00bboff\u00a0\u00bb border_color=\u00a0\u00bb#ffffff\u00a0\u00bb border_style=\u00a0\u00bbsolid\u00a0\u00bb custom_button=\u00a0\u00bboff\u00a0\u00bb button_letter_spacing=\u00a0\u00bb0&Prime; button_use_icon=\u00a0\u00bbdefault\u00a0\u00bb button_icon_placement=\u00a0\u00bbright\u00a0\u00bb button_on_hover=\u00a0\u00bbon\u00a0\u00bb button_letter_spacing_hover=\u00a0\u00bb0&Prime; use_redirect=\u00a0\u00bboff\u00a0\u00bb input_border_radius=\u00a0\u00bb0&Prime;] [et_pb_contact_field field_title=\u00a0\u00bbNom\u00a0\u00bb field_type=\u00a0\u00bbinput\u00a0\u00bb field_id=\u00a0\u00bbName\u00a0\u00bb required_mark=\u00a0\u00bbon\u00a0\u00bb fullwidth_field=\u00a0\u00bboff\u00a0\u00bb form_field_font_select=\u00a0\u00bbdefault\u00a0\u00bb form_field_font=\u00a0\u00bb||||\u00a0\u00bb use_border_color=\u00a0\u00bboff\u00a0\u00bb border_style=\u00a0\u00bbsolid\u00a0\u00bb] [\/et_pb_contact_field][et_pb_contact_field field_title=\u00a0\u00bbAdresse de courrier \u00e9lectronique\u00a0\u00bb field_type=\u00a0\u00bbemail\u00a0\u00bb field_id=\u00a0\u00bbEmail\u00a0\u00bb required_mark=\u00a0\u00bbon\u00a0\u00bb fullwidth_field=\u00a0\u00bboff\u00a0\u00bb form_field_font_select=\u00a0\u00bbdefault\u00a0\u00bb form_field_font=\u00a0\u00bb||||\u00a0\u00bb use_border_color=\u00a0\u00bboff\u00a0\u00bb border_style=\u00a0\u00bbsolid\u00a0\u00bb] [\/et_pb_contact_field][et_pb_contact_field field_title=\u00a0\u00bbMessage\u00a0\u00bb field_type=\u00a0\u00bbtext\u00a0\u00bb field_id=\u00a0\u00bbMessage\u00a0\u00bb required_mark=\u00a0\u00bbon\u00a0\u00bb fullwidth_field=\u00a0\u00bbon\u00a0\u00bb form_field_font_select=\u00a0\u00bbdefault\u00a0\u00bb form_field_font=\u00a0\u00bb||||\u00a0\u00bb use_border_color=\u00a0\u00bboff\u00a0\u00bb border_style=\u00a0\u00bbsolid\u00a0\u00bb] [\/et_pb_contact_field] [\/et_pb_contact_form][\/et_pb_column][et_pb_column type=\u00a0\u00bb1_3&Prime;][et_pb_text admin_label=\u00a0\u00bbText\u00a0\u00bb background_layout=\u00a0\u00bblight\u00a0\u00bb text_orientation=\u00a0\u00bbleft\u00a0\u00bb use_border_color=\u00a0\u00bboff\u00a0\u00bb border_color=\u00a0\u00bb#ffffff\u00a0\u00bb border_style=\u00a0\u00bbsolid\u00a0\u00bb]<\/p>\n<h3>Contact<\/h3>\n<p><strong>Adresse:<\/strong>\u00a0Rue Closa d&rsquo;en Llop, 17130 l&rsquo;Escala\u00a0(Girona)<\/p>\n<p><strong>T\u00e9l\u00e9phone:<\/strong> 972 770 591<br \/>\n<strong>Courrier \u00e9lectronique:<\/strong> info@tallersplaja.com<\/p>\n<p><strong>Heures d&rsquo;ouverture:<\/strong> Du lundi au vendredi 9 au\u00a013h i\u00a0du 15 au 19h.<\/p>\n<p>[\/et_pb_text][\/et_pb_column][\/et_pb_row][\/et_pb_section]<\/p>","protected":false},"excerpt":{"rendered":"<p>Contact Adresse:\u00a0Rue Closa d&rsquo;en Llop, 17130 l&rsquo;Escala\u00a0(Girona) T\u00e9l\u00e9phone: 972 770 591 Courrier \u00e9lectronique: info@tallersplaja.com Heures d&rsquo;ouverture: Du lundi au vendredi 9 au\u00a013h i\u00a0du 15 au 19h.<\/p>\n","protected":false},"author":5,"featured_media":0,"parent":0,"menu_order":0,"comment_status":"open","ping_status":"open","template":"","meta":{"_et_pb_use_builder":"on","_et_pb_old_content":"","_et_gb_content_width":"","footnotes":""},"class_list":["post-56","page","type-page","status-publish","hentry"],"_links":{"self":[{"href":"https:\/\/tallersplaja.com\/fr\/wp-json\/wp\/v2\/pages\/56"}],"collection":[{"href":"https:\/\/tallersplaja.com\/fr\/wp-json\/wp\/v2\/pages"}],"about":[{"href":"https:\/\/tallersplaja.com\/fr\/wp-json\/wp\/v2\/types\/page"}],"author":[{"embeddable":true,"href":"https:\/\/tallersplaja.com\/fr\/wp-json\/wp\/v2\/users\/5"}],"replies":[{"embeddable":true,"href":"https:\/\/tallersplaja.com\/fr\/wp-json\/wp\/v2\/comments?post=56"}],"version-history":[{"count":14,"href":"https:\/\/tallersplaja.com\/fr\/wp-json\/wp\/v2\/pages\/56\/revisions"}],"predecessor-version":[{"id":1200,"href":"https:\/\/tallersplaja.com\/fr\/wp-json\/wp\/v2\/pages\/56\/revisions\/1200"}],"wp:attachment":[{"href":"https:\/\/tallersplaja.com\/fr\/wp-json\/wp\/v2\/media?parent=56"}],"curies":[{"name":"wp","href":"https:\/\/api.w.org\/{rel}","templated":true}]}}