{"id":564,"date":"2017-07-02T16:48:57","date_gmt":"2017-07-02T16:48:57","guid":{"rendered":"http:\/\/www.tallersplaja.com\/?page_id=564"},"modified":"2017-09-04T19:42:17","modified_gmt":"2017-09-04T19:42:17","slug":"chapa-y-pintura","status":"publish","type":"page","link":"https:\/\/tallersplaja.com\/fr\/chapa-y-pintura\/","title":{"rendered":"PLATS ET PEINTURE"},"content":{"rendered":"<p>[et_pb_section admin_label=\u00a0\u00bbSecci\u00f3n\u00a0\u00bb fullwidth=\u00a0\u00bbon\u00a0\u00bb specialty=\u00a0\u00bboff\u00a0\u00bb][et_pb_fullwidth_header admin_label=\u00a0\u00bbT\u00edtulo de anchura completa\u00a0\u00bb title=\u00a0\u00bbPLATS ET PEINTURE\u00a0\u00bb background_layout=\u00a0\u00bbdark\u00a0\u00bb text_orientation=\u00a0\u00bbcenter\u00a0\u00bb header_fullscreen=\u00a0\u00bboff\u00a0\u00bb header_scroll_down=\u00a0\u00bboff\u00a0\u00bb background_url=\u00a0\u00bbhttps:\/\/tallersplaja.com\/wp-content\/uploads\/2017\/06\/car-498439_640.jpg\u00a0\u00bb parallax=\u00a0\u00bboff\u00a0\u00bb parallax_method=\u00a0\u00bboff\u00a0\u00bb content_orientation=\u00a0\u00bbcenter\u00a0\u00bb image_orientation=\u00a0\u00bbcenter\u00a0\u00bb custom_button_one=\u00a0\u00bboff\u00a0\u00bb button_one_letter_spacing=\u00a0\u00bb0&Prime; button_one_use_icon=\u00a0\u00bbdefault\u00a0\u00bb button_one_icon_placement=\u00a0\u00bbright\u00a0\u00bb button_one_on_hover=\u00a0\u00bbon\u00a0\u00bb button_one_letter_spacing_hover=\u00a0\u00bb0&Prime; custom_button_two=\u00a0\u00bboff\u00a0\u00bb button_two_letter_spacing=\u00a0\u00bb0&Prime; button_two_use_icon=\u00a0\u00bbdefault\u00a0\u00bb button_two_icon_placement=\u00a0\u00bbright\u00a0\u00bb button_two_on_hover=\u00a0\u00bbon\u00a0\u00bb button_two_letter_spacing_hover=\u00a0\u00bb0&Prime;] [\/et_pb_fullwidth_header][\/et_pb_section][et_pb_section admin_label=\u00a0\u00bbSecci\u00f3n\u00a0\u00bb fullwidth=\u00a0\u00bboff\u00a0\u00bb specialty=\u00a0\u00bbon\u00a0\u00bb][et_pb_column type=\u00a0\u00bb1_2&Prime;][et_pb_image admin_label=\u00a0\u00bbImagen\u00a0\u00bb src=\u00a0\u00bbhttps:\/\/tallersplaja.com\/wp-content\/uploads\/2017\/06\/pintado-de-coche.png\u00a0\u00bb show_in_lightbox=\u00a0\u00bboff\u00a0\u00bb url_new_window=\u00a0\u00bboff\u00a0\u00bb animation=\u00a0\u00bboff\u00a0\u00bb sticky=\u00a0\u00bboff\u00a0\u00bb align=\u00a0\u00bbleft\u00a0\u00bb force_fullwidth=\u00a0\u00bboff\u00a0\u00bb always_center_on_mobile=\u00a0\u00bbon\u00a0\u00bb use_border_color=\u00a0\u00bbon\u00a0\u00bb border_color=\u00a0\u00bb#070730&Prime; border_style=\u00a0\u00bbsolid\u00a0\u00bb] [\/et_pb_image][\/et_pb_column][et_pb_column type=\u00a0\u00bb1_2&Prime; specialty_columns=\u00a0\u00bb2&Prime;][et_pb_row_inner admin_label=\u00a0\u00bbFila\u00a0\u00bb][et_pb_column_inner type=\u00a0\u00bb4_4&Prime; saved_specialty_column_type=\u00a0\u00bb1_2&Prime;][et_pb_text admin_label=\u00a0\u00bbTexto\u00a0\u00bb background_layout=\u00a0\u00bblight\u00a0\u00bb text_orientation=\u00a0\u00bbcenter\u00a0\u00bb use_border_color=\u00a0\u00bbon\u00a0\u00bb border_color=\u00a0\u00bb#070730&Prime; border_style=\u00a0\u00bbsolid\u00a0\u00bb]<\/p>\n<h4 style=\"text-align: center;\">PLATS ET PEINTURE<\/h4>\n<p>[\/et_pb_text][et_pb_text admin_label=\u00a0\u00bbTexto\u00a0\u00bb background_layout=\u00a0\u00bblight\u00a0\u00bb text_orientation=\u00a0\u00bbleft\u00a0\u00bb use_border_color=\u00a0\u00bboff\u00a0\u00bb border_color=\u00a0\u00bb#ffffff\u00a0\u00bb border_style=\u00a0\u00bbsolid\u00a0\u00bb]<\/p>\n<p>Re\u00e7u un diagnostic d&rsquo;endommager le v\u00e9hicule et nous engageons \u00e0 le retourner dans r\u00e9par\u00e9 le plus rapidement possible.<\/p>\n<p>Nous mettons \u00e0 votre disposition une voiture de remplacement et le v\u00f4tre \u00e0 la maison prendre.<\/p>\n<p>Peintures originales et utilisent uniquement des mat\u00e9riaux de qualit\u00e9 sup\u00e9rieure. Quelle que soit la marque du v\u00e9hicule, toutes les r\u00e9parations sont faites avec le fabricant de peinture d&rsquo;origine. Le reste des mat\u00e9riaux essentiels pour d&rsquo;autres r\u00e9parations sont toujours et seulement haut de gamme.<\/p>\n<p>Nous avons garanti pendant 5 ans la peinture de votre voiture.<\/p>\n<p>Excellente valeur. La confiance de nos clients nous soutient et assurer le plus grand professionnalisme dans nos r\u00e9parations.<\/p>\n<p>La r\u00e9paration effectu\u00e9e par des professionnels sp\u00e9cialis\u00e9s dans la t\u00f4le et la peinture. Seule l&rsquo;expertise de nos techniciens garantira la finition parfaite.<\/p>\n<p>[\/et_pb_text][\/et_pb_column_inner][\/et_pb_row_inner][\/et_pb_column][\/et_pb_section][et_pb_section admin_label=\u00a0\u00bbSecci\u00f3n\u00a0\u00bb fullwidth=\u00a0\u00bboff\u00a0\u00bb specialty=\u00a0\u00bboff\u00a0\u00bb][et_pb_row admin_label=\u00a0\u00bbFila\u00a0\u00bb][et_pb_column type=\u00a0\u00bb4_4&Prime;][et_pb_text admin_label=\u00a0\u00bbTexto\u00a0\u00bb background_layout=\u00a0\u00bblight\u00a0\u00bb text_orientation=\u00a0\u00bbleft\u00a0\u00bb use_border_color=\u00a0\u00bboff\u00a0\u00bb border_color=\u00a0\u00bb#ffffff\u00a0\u00bb border_style=\u00a0\u00bbsolid\u00a0\u00bb]<\/p>\n<h6><span style=\"color: #999999;\">Ateliers Plaja, garage \u00e0 Figueres (Girona, L&rsquo;Escala, Figueres, Riells Sant Pere Pescador, Torroella Castello d&rsquo;Empuries, Empuriabrava, Roses, Bisbal. Sp\u00e9cialit\u00e9 Peugeot, Citro\u00ebn, Renault, Ford, Seat, Dacia Audi, Mercedes, et multi Automoviles et voitures. Nous vous proposons Servicios m\u00e9canique de l&rsquo;atelier automobiles, garage pour les r\u00e9parations automobiles automobile r\u00e9paration automobile voiture d&rsquo;entretien \u00e0 grande \u00e9chelle sur l&rsquo;\u00e9chelle, neum\u00e1ticos, PINCHAZOS, bater\u00edas, Cambio de aceite r\u00e9visions de l&rsquo;\u00e9chelle automobile, l&rsquo;\u00e9lectricit\u00e9, le navigateur, GPs, blaupunk, tavelpilot, alarme, climatisation, itv, pr\u00e9-itv, bougies, injecteurs, syst\u00e8me Inyecci\u00f3n, nettoyage des injecteurs, services m\u00e9canique automobile, embrayage, moteur , trasmisi\u00f3n, joint de t\u00eate de cylindre diff\u00e9rentiel, le remplacement des tubes \u00e9chappent, les catalyseurs, le syst\u00e8me anti-pollution, un syst\u00e8me de suralimentation, les services de l&rsquo;\u00e9lectricit\u00e9 automobile, d\u00e9marrage du syst\u00e8me et de charge, Ele ctricidad t\u00e9l\u00e9matique automobile industry, Electricidad plusieurs Automovil, r\u00e9visions et r\u00e9parations los confort Sistemas, les r\u00e9visions et les r\u00e9parations des syst\u00e8mes motoris\u00e9s (fen\u00eatres, toits, portes et asientos) Un examen de la s\u00e9curit\u00e9 passive dans la voiture: syst\u00e8me de s\u00e9curit\u00e9 ceintures, s\u00e9curit\u00e9 retenci\u00f3n (airbag), des miroirs, des lunes, l&rsquo;\u00e9clairage, la direction et r\u00f3tulas, les r\u00e9visions de voiture active s\u00e9curit\u00e9: freins, syst\u00e8mes anti-blocage des freins, le contr\u00f4le de traction et estabilidad (ABS, ESP, ASR, DSC &#8230;) amortisseurs et r\u00e9visions suspension de la combustion de la voiture: mesure des \u00e9missions polluait le v\u00e9hicule, neum\u00e1ticos, El Buen Estado de los neum\u00e1ticos est vital pour la s\u00e9curit\u00e9, la s\u00e9lection des neum\u00e1ticos plus adecuados tousser besoins, Disponemos des meilleures marques de neum\u00e1ticos. nous avons la asesoramiento et de notre courrier frein technique professionnel, pastillas distribution, filtres, culasses, l&rsquo;entretien, les garanties Avoir une offre de maintenance multiservice conservando officiel garanti Garantie * Fabricant du tourisme dans un prix beaucoup plus comp\u00e9titif. En outre, revisamos 30 puntos de s\u00e9curit\u00e9 vitale et rendimiento votre v\u00e9hicule \u00e0 un cerrado precio, pas de surprise, le personnel MANTENIMIENTO DU sustituci\u00f3n DES AUTOMOBILISTES de l&rsquo;huile et des filtres, r\u00e9visions voiture officielle seg\u00fan Param\u00e8tres du fabricant, Reset technique d&rsquo;inspection WITNESS, la r\u00e9glementation et l&rsquo;ajustement l&rsquo;\u00e9clairage de l&rsquo;automobile, sustituci\u00f3n de bater\u00edas, bougies et appareils de chauffage del Automovil, sustituci\u00f3n les distributions de sangle autom\u00f3vil, Amortiguadores et suspensions autom\u00f3vil, anti-pollution Sistemas: FAP, DPF, accessoires sangle ou service officiel servicios t\u00e9cnicos Bosch Car service fig . Alt Emporda, Gerona. Ateliers Plaja, garage \u00e0 Figueres (Girona, Alt Emporda) qui offre les services de Bosch Car Service, l&rsquo;\u00e9lectricit\u00e9 de l&rsquo;automobile, l&rsquo;\u00e9lectronique, de navigation par satellite et GPS, t\u00e9l\u00e9phone portable, alarmes, bater\u00edas, climatisation, chauffage et climatizaci\u00f3n, r\u00e9visions et MANTENIMIENTOS syst\u00e8me, freins, neum\u00e1ticos, radios et lecteur CD, bougies, escobillas r\u00e9visions pour ITV, r\u00e9visions pr\u00e9-MOT vous conduisez, etc.<\/span><\/h6>\n<p>[\/et_pb_text][\/et_pb_column][\/et_pb_row][\/et_pb_section]<\/p>","protected":false},"excerpt":{"rendered":"<p>PLATS ET PEINTURE Re\u00e7u un diagnostic d&rsquo;endommager le v\u00e9hicule et nous engageons \u00e0 le retourner dans r\u00e9par\u00e9 le plus rapidement possible. Nous mettons \u00e0 votre disposition une voiture de remplacement et le v\u00f4tre \u00e0 la maison prendre. Peintures originales et utilisent uniquement des mat\u00e9riaux de qualit\u00e9 sup\u00e9rieure. Quelle que soit la marque du v\u00e9hicule, toutes [&hellip;]<\/p>\n","protected":false},"author":5,"featured_media":0,"parent":0,"menu_order":0,"comment_status":"closed","ping_status":"closed","template":"","meta":{"_et_pb_use_builder":"on","_et_pb_old_content":"","_et_gb_content_width":"","footnotes":""},"class_list":["post-564","page","type-page","status-publish","hentry"],"_links":{"self":[{"href":"https:\/\/tallersplaja.com\/fr\/wp-json\/wp\/v2\/pages\/564"}],"collection":[{"href":"https:\/\/tallersplaja.com\/fr\/wp-json\/wp\/v2\/pages"}],"about":[{"href":"https:\/\/tallersplaja.com\/fr\/wp-json\/wp\/v2\/types\/page"}],"author":[{"embeddable":true,"href":"https:\/\/tallersplaja.com\/fr\/wp-json\/wp\/v2\/users\/5"}],"replies":[{"embeddable":true,"href":"https:\/\/tallersplaja.com\/fr\/wp-json\/wp\/v2\/comments?post=564"}],"version-history":[{"count":13,"href":"https:\/\/tallersplaja.com\/fr\/wp-json\/wp\/v2\/pages\/564\/revisions"}],"predecessor-version":[{"id":1061,"href":"https:\/\/tallersplaja.com\/fr\/wp-json\/wp\/v2\/pages\/564\/revisions\/1061"}],"wp:attachment":[{"href":"https:\/\/tallersplaja.com\/fr\/wp-json\/wp\/v2\/media?parent=564"}],"curies":[{"name":"wp","href":"https:\/\/api.w.org\/{rel}","templated":true}]}}