{"id":569,"date":"2017-07-02T17:29:01","date_gmt":"2017-07-02T17:29:01","guid":{"rendered":"http:\/\/www.tallersplaja.com\/?page_id=569"},"modified":"2017-09-04T20:03:31","modified_gmt":"2017-09-04T20:03:31","slug":"mantenimiento-y-revisiones","status":"publish","type":"page","link":"https:\/\/tallersplaja.com\/fr\/mantenimiento-y-revisiones\/","title":{"rendered":"ENTRETIEN ET R\u00c9VISIONS"},"content":{"rendered":"<p>[et_pb_section admin_label=\u00a0\u00bbSecci\u00f3n\u00a0\u00bb fullwidth=\u00a0\u00bbon\u00a0\u00bb specialty=\u00a0\u00bboff\u00a0\u00bb][et_pb_fullwidth_header admin_label=\u00a0\u00bbT\u00edtulo de anchura completa\u00a0\u00bb title=\u00a0\u00bbENTRETIEN ET R\u00c9VISIONS\u00a0\u00bb background_layout=\u00a0\u00bbdark\u00a0\u00bb text_orientation=\u00a0\u00bbcenter\u00a0\u00bb header_fullscreen=\u00a0\u00bboff\u00a0\u00bb header_scroll_down=\u00a0\u00bboff\u00a0\u00bb background_url=\u00a0\u00bbhttps:\/\/tallersplaja.com\/wp-content\/uploads\/2017\/07\/engine-1100588_640.jpg\u00a0\u00bb parallax=\u00a0\u00bboff\u00a0\u00bb parallax_method=\u00a0\u00bboff\u00a0\u00bb content_orientation=\u00a0\u00bbcenter\u00a0\u00bb image_orientation=\u00a0\u00bbcenter\u00a0\u00bb custom_button_one=\u00a0\u00bboff\u00a0\u00bb button_one_letter_spacing=\u00a0\u00bb0&Prime; button_one_use_icon=\u00a0\u00bbdefault\u00a0\u00bb button_one_icon_placement=\u00a0\u00bbright\u00a0\u00bb button_one_on_hover=\u00a0\u00bbon\u00a0\u00bb button_one_letter_spacing_hover=\u00a0\u00bb0&Prime; custom_button_two=\u00a0\u00bboff\u00a0\u00bb button_two_letter_spacing=\u00a0\u00bb0&Prime; button_two_use_icon=\u00a0\u00bbdefault\u00a0\u00bb button_two_icon_placement=\u00a0\u00bbright\u00a0\u00bb button_two_on_hover=\u00a0\u00bbon\u00a0\u00bb button_two_letter_spacing_hover=\u00a0\u00bb0&Prime;] [\/et_pb_fullwidth_header][\/et_pb_section][et_pb_section admin_label=\u00a0\u00bbSecci\u00f3n\u00a0\u00bb fullwidth=\u00a0\u00bboff\u00a0\u00bb specialty=\u00a0\u00bbon\u00a0\u00bb][et_pb_column type=\u00a0\u00bb1_2&Prime;][et_pb_image admin_label=\u00a0\u00bbImagen\u00a0\u00bb src=\u00a0\u00bbhttps:\/\/tallersplaja.com\/wp-content\/uploads\/2017\/07\/car-mechanic-2267350_640.jpg\u00a0\u00bb show_in_lightbox=\u00a0\u00bboff\u00a0\u00bb url_new_window=\u00a0\u00bboff\u00a0\u00bb animation=\u00a0\u00bboff\u00a0\u00bb sticky=\u00a0\u00bboff\u00a0\u00bb align=\u00a0\u00bbleft\u00a0\u00bb force_fullwidth=\u00a0\u00bboff\u00a0\u00bb always_center_on_mobile=\u00a0\u00bbon\u00a0\u00bb use_border_color=\u00a0\u00bbon\u00a0\u00bb border_color=\u00a0\u00bb#070730&Prime; border_style=\u00a0\u00bbsolid\u00a0\u00bb] [\/et_pb_image][\/et_pb_column][et_pb_column type=\u00a0\u00bb1_2&Prime; specialty_columns=\u00a0\u00bb2&Prime;][et_pb_row_inner admin_label=\u00a0\u00bbFila\u00a0\u00bb][et_pb_column_inner type=\u00a0\u00bb4_4&Prime; saved_specialty_column_type=\u00a0\u00bb1_2&Prime;][et_pb_text admin_label=\u00a0\u00bbTexto\u00a0\u00bb background_layout=\u00a0\u00bblight\u00a0\u00bb text_orientation=\u00a0\u00bbcenter\u00a0\u00bb use_border_color=\u00a0\u00bbon\u00a0\u00bb border_color=\u00a0\u00bb#070730&Prime; border_style=\u00a0\u00bbsolid\u00a0\u00bb]<\/p>\n<h4 style=\"text-align: center;\">ENTRETIEN ET R\u00c9VISIONS<\/h4>\n<p>[\/et_pb_text][et_pb_text admin_label=\u00a0\u00bbTexto\u00a0\u00bb background_layout=\u00a0\u00bblight\u00a0\u00bb text_orientation=\u00a0\u00bbleft\u00a0\u00bb use_border_color=\u00a0\u00bboff\u00a0\u00bb border_color=\u00a0\u00bb#ffffff\u00a0\u00bb border_style=\u00a0\u00bbsolid\u00a0\u00bb]<\/p>\n<p>Passez en revue avec les m\u00eames garanties que le Licenci\u00e9 officiel. Comme il est pr\u00e9vu par le r\u00e8glement CE 1400\/2002, nous retenons la marque de garantie d&rsquo;origine.<\/p>\n<p>un service personnalis\u00e9 pour chaque mod\u00e8le, avec un examen de 120 points et le diagnostic \u00e9lectronique. Pi\u00e8ces et installer des produits de qualit\u00e9. pi\u00e8ces originales.<\/p>\n<p>Examen par des professionnels hautement qualifi\u00e9s.<\/p>\n<p>Nous maintenons votre v\u00e9hicule, toujours selon les sp\u00e9cifications d\u00e9finies par le fabricant. Nous avons une longue exp\u00e9rience dans l&rsquo;entretien multimarque. L&rsquo;examen officiel est \u00e9quivalent \u00e0 prendre place dans le distributeur officiel de la marque de votre voiture.<\/p>\n<p>R\u00e9vision en fonction du kilom\u00e9trage ou l&rsquo;\u00e2ge du v\u00e9hicule; et il aura lieu comme indiqu\u00e9 par le constructeur du v\u00e9hicule<\/p>\n<p>\u00c9tanch\u00e9it\u00e9 tenue de livres, en conservant la garantie du fabricant. Notre examen a la m\u00eame valeur que l&rsquo;examen officiel du distributeur officiel de votre marque.<br \/>\nJusqu&rsquo;\u00e0 50% d&rsquo;\u00e9conomies sur la boutique de la marque.<br \/>\nqualit\u00e9 des pi\u00e8ces de rechange d&rsquo;origine ou correspondant.<br \/>\nprofessionnels hautement qualifi\u00e9s.<br \/>\nAvec ou sans rendez-vous et les horaires du lundi au samedi<\/p>\n<p>&nbsp;<\/p>\n<p>&nbsp;<\/p>\n<p>[\/et_pb_text][\/et_pb_column_inner][\/et_pb_row_inner][\/et_pb_column][\/et_pb_section][et_pb_section admin_label=\u00a0\u00bbSecci\u00f3n\u00a0\u00bb fullwidth=\u00a0\u00bboff\u00a0\u00bb specialty=\u00a0\u00bboff\u00a0\u00bb][et_pb_row admin_label=\u00a0\u00bbFila\u00a0\u00bb][et_pb_column type=\u00a0\u00bb4_4&Prime;][\/et_pb_column][\/et_pb_row][\/et_pb_section]<\/p>","protected":false},"excerpt":{"rendered":"<p>ENTRETIEN ET R\u00c9VISIONS Passez en revue avec les m\u00eames garanties que le Licenci\u00e9 officiel. Comme il est pr\u00e9vu par le r\u00e8glement CE 1400\/2002, nous retenons la marque de garantie d&rsquo;origine. un service personnalis\u00e9 pour chaque mod\u00e8le, avec un examen de 120 points et le diagnostic \u00e9lectronique. Pi\u00e8ces et installer des produits de qualit\u00e9. pi\u00e8ces originales. [&hellip;]<\/p>\n","protected":false},"author":5,"featured_media":0,"parent":0,"menu_order":0,"comment_status":"closed","ping_status":"closed","template":"","meta":{"_et_pb_use_builder":"on","_et_pb_old_content":"","_et_gb_content_width":"","footnotes":""},"class_list":["post-569","page","type-page","status-publish","hentry"],"_links":{"self":[{"href":"https:\/\/tallersplaja.com\/fr\/wp-json\/wp\/v2\/pages\/569"}],"collection":[{"href":"https:\/\/tallersplaja.com\/fr\/wp-json\/wp\/v2\/pages"}],"about":[{"href":"https:\/\/tallersplaja.com\/fr\/wp-json\/wp\/v2\/types\/page"}],"author":[{"embeddable":true,"href":"https:\/\/tallersplaja.com\/fr\/wp-json\/wp\/v2\/users\/5"}],"replies":[{"embeddable":true,"href":"https:\/\/tallersplaja.com\/fr\/wp-json\/wp\/v2\/comments?post=569"}],"version-history":[{"count":10,"href":"https:\/\/tallersplaja.com\/fr\/wp-json\/wp\/v2\/pages\/569\/revisions"}],"predecessor-version":[{"id":1078,"href":"https:\/\/tallersplaja.com\/fr\/wp-json\/wp\/v2\/pages\/569\/revisions\/1078"}],"wp:attachment":[{"href":"https:\/\/tallersplaja.com\/fr\/wp-json\/wp\/v2\/media?parent=569"}],"curies":[{"name":"wp","href":"https:\/\/api.w.org\/{rel}","templated":true}]}}